{"id":948,"date":"2023-11-16T12:23:34","date_gmt":"2023-11-16T11:23:34","guid":{"rendered":"https:\/\/domainelevejean.com\/wines\/asymptome\/"},"modified":"2024-02-02T16:13:03","modified_gmt":"2024-02-02T15:13:03","slug":"asymptome","status":"publish","type":"page","link":"https:\/\/domainelevejean.com\/en\/wines\/asymptome\/","title":{"rendered":"Asympt\u00f4me"},"content":{"rendered":"<p>[et_pb_section fb_built=&#8221;1&#8243; fullwidth=&#8221;on&#8221; _builder_version=&#8221;4.20.4&#8243; _module_preset=&#8221;default&#8221; locked=&#8221;off&#8221; global_colors_info=&#8221;{}&#8221;][et_pb_fullwidth_header logo_image_url=&#8221;https:\/\/domainelevejean.com\/wp-content\/uploads\/2023\/11\/logotype-asymptome-01.png&#8221; logo_alt_text=&#8221;Asympt\u00f4me&#8221; _builder_version=&#8221;4.23.1&#8243; _module_preset=&#8221;368d5dc9-801d-4793-979e-809116867981&#8243; background_enable_image=&#8221;off&#8221; global_colors_info=&#8221;{}&#8221;][\/et_pb_fullwidth_header][\/et_pb_section][et_pb_section fb_built=&#8221;1&#8243; _builder_version=&#8221;4.20.4&#8243; _module_preset=&#8221;default&#8221; background_color=&#8221;rgba(90,31,44,0.05)&#8221; locked=&#8221;off&#8221; global_colors_info=&#8221;{}&#8221;][et_pb_row column_structure=&#8221;3_4,1_4&#8243; make_equal=&#8221;on&#8221; _builder_version=&#8221;4.21.0&#8243; _module_preset=&#8221;default&#8221; custom_padding=&#8221;0px||0px||true|false&#8221; global_colors_info=&#8221;{}&#8221;][et_pb_column type=&#8221;3_4&#8243; _builder_version=&#8221;4.21.0&#8243; _module_preset=&#8221;default&#8221; custom_css_main_element=&#8221;display: flex;||align-items: center;&#8221; global_colors_info=&#8221;{}&#8221;][et_pb_text _builder_version=&#8221;4.23.1&#8243; _module_preset=&#8221;default&#8221; text_font=&#8221;||on||||||&#8221; text_font_size=&#8221;16px&#8221; max_width=&#8221;800px&#8221; module_alignment=&#8221;center&#8221; global_colors_info=&#8221;{}&#8221;]<\/p>\n<p>Here is a reinterpretation of our famous pebbles; light, almost ethereal, just as our wine without sulfur and without associated symptoms intends to be. Indulge your taste buds.<\/p>\n<p><strong>Coming soon.<\/strong><\/p>\n<p>[\/et_pb_text][\/et_pb_column][et_pb_column type=&#8221;1_4&#8243; _builder_version=&#8221;4.20.4&#8243; _module_preset=&#8221;default&#8221; global_colors_info=&#8221;{}&#8221;][et_pb_image src=&#8221;https:\/\/domainelevejean.com\/wp-content\/uploads\/2023\/11\/sans-sulfite.png&#8221; alt=&#8221;Without added sulfites&#8221; _builder_version=&#8221;4.23.1&#8243; _module_preset=&#8221;default&#8221; global_colors_info=&#8221;{}&#8221;][\/et_pb_image][\/et_pb_column][\/et_pb_row][\/et_pb_section][et_pb_section fb_built=&#8221;1&#8243; _builder_version=&#8221;4.20.4&#8243; _module_preset=&#8221;default&#8221; locked=&#8221;off&#8221; global_colors_info=&#8221;{}&#8221;][et_pb_row column_structure=&#8221;1_3,2_3&#8243; make_equal=&#8221;on&#8221; _builder_version=&#8221;4.21.0&#8243; _module_preset=&#8221;default&#8221; global_colors_info=&#8221;{}&#8221;][et_pb_column type=&#8221;1_3&#8243; _builder_version=&#8221;4.20.4&#8243; _module_preset=&#8221;default&#8221; global_colors_info=&#8221;{}&#8221;][et_pb_image src=&#8221;https:\/\/domainelevejean.com\/wp-content\/uploads\/2024\/02\/6.png&#8221; alt=&#8221;White \/ Asympt\u00f4me&#8221; title_text=&#8221;6&#8243; _builder_version=&#8221;4.24.0&#8243; _module_preset=&#8221;81776600-9944-4d69-9f76-5b1e3171ff5c&#8221; global_colors_info=&#8221;{}&#8221;][\/et_pb_image][\/et_pb_column][et_pb_column type=&#8221;2_3&#8243; _builder_version=&#8221;4.20.4&#8243; _module_preset=&#8221;379ae2ad-c786-4501-a5d5-6191e4f0f260&#8243; global_colors_info=&#8221;{}&#8221;][et_pb_cta title=&#8221;White \/ Chardonnay&#8221; url_new_window=&#8221;on&#8221; button_text=&#8221;Technical sheet&#8221; _builder_version=&#8221;4.24.0&#8243; _module_preset=&#8221;5f7d8003-bec9-4b2d-83c9-ef748ff556e9&#8243; hover_enabled=&#8221;0&#8243; global_colors_info=&#8221;{}&#8221; sticky_enabled=&#8221;0&#8243; button_url=&#8221;https:\/\/domainelevejean.com\/wp-content\/uploads\/2024\/02\/asymptome-blanc-1.pdf&#8221;]<\/p>\n<p><a href=\"https:\/\/domainelevejean.com\/wp-content\/uploads\/2024\/02\/asymptome-blanc-1.pdf\" rel=\"attachment wp-att-1112\"><\/a>Appelation<br \/><strong>IGP Pays d&#8217;Oc, White<\/strong><\/p>\n<p>Grape varieties<br \/><strong>100% Chardonnay<\/strong><strong><\/strong><\/p>\n<p>Region <strong><br \/>France, Occitanie, north of B\u00e9ziers on the Orb river&#8217;s banks<\/strong><\/p>\n<p>Label<br \/><strong><abbr title=\"High Environmental Value\">HEV<\/abbr><\/strong><\/p>\n<p>Terroir and Culture<strong><br \/>The balance of two terroirs: the ancient banks of the Orb River, clay-silty ground for their freshness and the clay-limestone terraces for the maturity<br \/><\/strong><\/p>\n<p>Tasting notes<strong><br \/>Lovely gold colour with some grey reflections. A delicate nose opening with white flowers aromas. Nice soft mouth with great minerality and ginger notes. Lovely freshness at the end.<br \/><\/strong><\/p>\n<p>Recommended serving temperature<br \/><strong>Between 8\u00b0 and 10\u00b0 C; Wine to be consumed in the year<\/strong><\/p>\n<p>Alcohol<br \/><strong>13% alc.\/vol<\/strong><\/p>\n<p>[\/et_pb_cta][\/et_pb_column][\/et_pb_row][\/et_pb_section][et_pb_section fb_built=&#8221;1&#8243; _builder_version=&#8221;4.20.4&#8243; _module_preset=&#8221;default&#8221; locked=&#8221;off&#8221; global_colors_info=&#8221;{}&#8221;][et_pb_row column_structure=&#8221;1_3,2_3&#8243; make_equal=&#8221;on&#8221; _builder_version=&#8221;4.21.0&#8243; _module_preset=&#8221;default&#8221; global_colors_info=&#8221;{}&#8221;][et_pb_column type=&#8221;1_3&#8243; _builder_version=&#8221;4.20.4&#8243; _module_preset=&#8221;default&#8221; global_colors_info=&#8221;{}&#8221;][et_pb_image src=&#8221;https:\/\/domainelevejean.com\/wp-content\/uploads\/2024\/02\/5.png&#8221; alt=&#8221;Red \/ Asympt\u00f4me&#8221; title_text=&#8221;5&#8243; _builder_version=&#8221;4.24.0&#8243; _module_preset=&#8221;81776600-9944-4d69-9f76-5b1e3171ff5c&#8221; global_colors_info=&#8221;{}&#8221;][\/et_pb_image][\/et_pb_column][et_pb_column type=&#8221;2_3&#8243; _builder_version=&#8221;4.20.4&#8243; _module_preset=&#8221;379ae2ad-c786-4501-a5d5-6191e4f0f260&#8243; global_colors_info=&#8221;{}&#8221;][et_pb_cta title=&#8221;Ros\u00e9 \/ Syrah&#8221; url_new_window=&#8221;on&#8221; button_text=&#8221;Technical sheet&#8221; _builder_version=&#8221;4.24.0&#8243; _module_preset=&#8221;5f7d8003-bec9-4b2d-83c9-ef748ff556e9&#8243; hover_enabled=&#8221;0&#8243; global_colors_info=&#8221;{}&#8221; button_url=&#8221;https:\/\/domainelevejean.com\/wp-content\/uploads\/2024\/02\/asymptome-rose-1.pdf&#8221; sticky_enabled=&#8221;0&#8243;]<\/p>\n<p>Appelation<br \/><strong>IGP Pays d&#8217;Oc, Ros\u00e9<\/strong><\/p>\n<p>Grape varieties<br \/><strong>100% Syrah<\/strong><strong><\/strong><\/p>\n<p>Region<strong><br \/><\/strong><strong>France, Occitanie, north of B\u00e9ziers on the Orb river&#8217;s banks.<\/strong><\/p>\n<p>Label<br \/><strong><abbr title=\"High Environmental Value\">HEV<\/abbr><\/strong><\/p>\n<p>Terroir and Culture<strong><br \/>The balance of two terroirs: the ancient banks of the Orb River, clay-silty ground for their freshness and the clay-limestone terraces for the maturity<br \/><\/strong><\/p>\n<p>Tasting notes<strong><br \/>Pretty pale pink, pearly color. Very aromatic nose ith some small crushed ref fruits; Lightness, red fruit jam aromas. An acidity touch at the end, all bringing a nice balance<br \/><\/strong><\/p>\n<p>Recommended serving temperature<br \/><strong>Between 8\u00b0 and 10\u00b0 C; Wine to be consumed in the year<\/strong><\/p>\n<p>Alcohol<br \/><strong>12.5% alc.\/vol<\/strong><\/p>\n<p>[\/et_pb_cta][\/et_pb_column][\/et_pb_row][\/et_pb_section]<\/p>\n","protected":false},"excerpt":{"rendered":"<p>Here is a reinterpretation of our famous pebbles; light, almost ethereal, just as our wine without sulfur and without associated symptoms intends to be. Indulge your taste buds. Coming soon.AppelationIGP Pays d&#8217;Oc, White Grape varieties100% Chardonnay Region France, Occitanie, north of B\u00e9ziers on the Orb river&#8217;s banks LabelHEV Terroir and CultureThe balance of two terroirs: [&hellip;]<\/p>\n","protected":false},"author":5,"featured_media":0,"parent":473,"menu_order":0,"comment_status":"closed","ping_status":"closed","template":"","meta":{"_et_pb_use_builder":"on","_et_pb_old_content":"","_et_gb_content_width":"","inline_featured_image":false,"footnotes":""},"class_list":["post-948","page","type-page","status-publish","hentry"],"yoast_head":"<!-- This site is optimized with the Yoast SEO plugin v27.1.1 - https:\/\/yoast.com\/product\/yoast-seo-wordpress\/ -->\n<title>Asympt\u00f4me - Domaine L\u00e9v\u00e9jean<\/title>\n<meta name=\"robots\" content=\"index, follow, max-snippet:-1, max-image-preview:large, max-video-preview:-1\" \/>\n<link rel=\"canonical\" href=\"https:\/\/domainelevejean.com\/en\/wines\/asymptome\/\" \/>\n<meta property=\"og:locale\" content=\"en_US\" \/>\n<meta property=\"og:type\" content=\"article\" \/>\n<meta property=\"og:title\" content=\"Asympt\u00f4me - Domaine L\u00e9v\u00e9jean\" \/>\n<meta property=\"og:description\" content=\"Here is a reinterpretation of our famous pebbles; light, almost ethereal, just as our wine without sulfur and without associated symptoms intends to be. Indulge your taste buds. Coming soon.AppelationIGP Pays d&#039;Oc, White Grape varieties100% Chardonnay Region France, Occitanie, north of B\u00e9ziers on the Orb river&#039;s banks LabelHEV Terroir and CultureThe balance of two terroirs: [&hellip;]\" \/>\n<meta property=\"og:url\" content=\"https:\/\/domainelevejean.com\/en\/wines\/asymptome\/\" \/>\n<meta property=\"og:site_name\" content=\"Domaine L\u00e9v\u00e9jean\" \/>\n<meta property=\"article:publisher\" content=\"https:\/\/www.facebook.com\/domainelevejean\/\" \/>\n<meta property=\"article:modified_time\" content=\"2024-02-02T15:13:03+00:00\" \/>\n<meta name=\"twitter:card\" content=\"summary_large_image\" \/>\n<meta name=\"twitter:label1\" content=\"Est. reading time\" \/>\n\t<meta name=\"twitter:data1\" content=\"4 minutes\" \/>\n<script type=\"application\/ld+json\" class=\"yoast-schema-graph\">{\"@context\":\"https:\/\/schema.org\",\"@graph\":[{\"@type\":\"WebPage\",\"@id\":\"https:\/\/domainelevejean.com\/en\/wines\/asymptome\/\",\"url\":\"https:\/\/domainelevejean.com\/en\/wines\/asymptome\/\",\"name\":\"Asympt\u00f4me - Domaine L\u00e9v\u00e9jean\",\"isPartOf\":{\"@id\":\"https:\/\/domainelevejean.com\/en\/#website\"},\"datePublished\":\"2023-11-16T11:23:34+00:00\",\"dateModified\":\"2024-02-02T15:13:03+00:00\",\"breadcrumb\":{\"@id\":\"https:\/\/domainelevejean.com\/en\/wines\/asymptome\/#breadcrumb\"},\"inLanguage\":\"en-US\",\"potentialAction\":[{\"@type\":\"ReadAction\",\"target\":[\"https:\/\/domainelevejean.com\/en\/wines\/asymptome\/\"]}]},{\"@type\":\"BreadcrumbList\",\"@id\":\"https:\/\/domainelevejean.com\/en\/wines\/asymptome\/#breadcrumb\",\"itemListElement\":[{\"@type\":\"ListItem\",\"position\":1,\"name\":\"Accueil\",\"item\":\"https:\/\/domainelevejean.com\/en\/\"},{\"@type\":\"ListItem\",\"position\":2,\"name\":\"Wines\",\"item\":\"https:\/\/domainelevejean.com\/en\/wines\/\"},{\"@type\":\"ListItem\",\"position\":3,\"name\":\"Asympt\u00f4me\"}]},{\"@type\":\"WebSite\",\"@id\":\"https:\/\/domainelevejean.com\/en\/#website\",\"url\":\"https:\/\/domainelevejean.com\/en\/\",\"name\":\"Domaine L\u00e9v\u00e9jean\",\"description\":\"Oenotourisme - Vins de c\u00e9pages Pays d&#039;Oc - Vins de c\u00e9pages Coteaux de B\u00e9ziers - Certifi\u00e9 HVE\",\"potentialAction\":[{\"@type\":\"SearchAction\",\"target\":{\"@type\":\"EntryPoint\",\"urlTemplate\":\"https:\/\/domainelevejean.com\/en\/?s={search_term_string}\"},\"query-input\":{\"@type\":\"PropertyValueSpecification\",\"valueRequired\":true,\"valueName\":\"search_term_string\"}}],\"inLanguage\":\"en-US\"}]}<\/script>\n<!-- \/ Yoast SEO plugin. -->","yoast_head_json":{"title":"Asympt\u00f4me - Domaine L\u00e9v\u00e9jean","robots":{"index":"index","follow":"follow","max-snippet":"max-snippet:-1","max-image-preview":"max-image-preview:large","max-video-preview":"max-video-preview:-1"},"canonical":"https:\/\/domainelevejean.com\/en\/wines\/asymptome\/","og_locale":"en_US","og_type":"article","og_title":"Asympt\u00f4me - Domaine L\u00e9v\u00e9jean","og_description":"Here is a reinterpretation of our famous pebbles; light, almost ethereal, just as our wine without sulfur and without associated symptoms intends to be. Indulge your taste buds. Coming soon.AppelationIGP Pays d'Oc, White Grape varieties100% Chardonnay Region France, Occitanie, north of B\u00e9ziers on the Orb river's banks LabelHEV Terroir and CultureThe balance of two terroirs: [&hellip;]","og_url":"https:\/\/domainelevejean.com\/en\/wines\/asymptome\/","og_site_name":"Domaine L\u00e9v\u00e9jean","article_publisher":"https:\/\/www.facebook.com\/domainelevejean\/","article_modified_time":"2024-02-02T15:13:03+00:00","twitter_card":"summary_large_image","twitter_misc":{"Est. reading time":"4 minutes"},"schema":{"@context":"https:\/\/schema.org","@graph":[{"@type":"WebPage","@id":"https:\/\/domainelevejean.com\/en\/wines\/asymptome\/","url":"https:\/\/domainelevejean.com\/en\/wines\/asymptome\/","name":"Asympt\u00f4me - Domaine L\u00e9v\u00e9jean","isPartOf":{"@id":"https:\/\/domainelevejean.com\/en\/#website"},"datePublished":"2023-11-16T11:23:34+00:00","dateModified":"2024-02-02T15:13:03+00:00","breadcrumb":{"@id":"https:\/\/domainelevejean.com\/en\/wines\/asymptome\/#breadcrumb"},"inLanguage":"en-US","potentialAction":[{"@type":"ReadAction","target":["https:\/\/domainelevejean.com\/en\/wines\/asymptome\/"]}]},{"@type":"BreadcrumbList","@id":"https:\/\/domainelevejean.com\/en\/wines\/asymptome\/#breadcrumb","itemListElement":[{"@type":"ListItem","position":1,"name":"Accueil","item":"https:\/\/domainelevejean.com\/en\/"},{"@type":"ListItem","position":2,"name":"Wines","item":"https:\/\/domainelevejean.com\/en\/wines\/"},{"@type":"ListItem","position":3,"name":"Asympt\u00f4me"}]},{"@type":"WebSite","@id":"https:\/\/domainelevejean.com\/en\/#website","url":"https:\/\/domainelevejean.com\/en\/","name":"Domaine L\u00e9v\u00e9jean","description":"Oenotourisme - Vins de c\u00e9pages Pays d&#039;Oc - Vins de c\u00e9pages Coteaux de B\u00e9ziers - Certifi\u00e9 HVE","potentialAction":[{"@type":"SearchAction","target":{"@type":"EntryPoint","urlTemplate":"https:\/\/domainelevejean.com\/en\/?s={search_term_string}"},"query-input":{"@type":"PropertyValueSpecification","valueRequired":true,"valueName":"search_term_string"}}],"inLanguage":"en-US"}]}},"_links":{"self":[{"href":"https:\/\/domainelevejean.com\/en\/wp-json\/wp\/v2\/pages\/948","targetHints":{"allow":["GET"]}}],"collection":[{"href":"https:\/\/domainelevejean.com\/en\/wp-json\/wp\/v2\/pages"}],"about":[{"href":"https:\/\/domainelevejean.com\/en\/wp-json\/wp\/v2\/types\/page"}],"author":[{"embeddable":true,"href":"https:\/\/domainelevejean.com\/en\/wp-json\/wp\/v2\/users\/5"}],"replies":[{"embeddable":true,"href":"https:\/\/domainelevejean.com\/en\/wp-json\/wp\/v2\/comments?post=948"}],"version-history":[{"count":4,"href":"https:\/\/domainelevejean.com\/en\/wp-json\/wp\/v2\/pages\/948\/revisions"}],"predecessor-version":[{"id":1116,"href":"https:\/\/domainelevejean.com\/en\/wp-json\/wp\/v2\/pages\/948\/revisions\/1116"}],"up":[{"embeddable":true,"href":"https:\/\/domainelevejean.com\/en\/wp-json\/wp\/v2\/pages\/473"}],"wp:attachment":[{"href":"https:\/\/domainelevejean.com\/en\/wp-json\/wp\/v2\/media?parent=948"}],"curies":[{"name":"wp","href":"https:\/\/api.w.org\/{rel}","templated":true}]}}