{"id":531,"date":"2023-05-04T09:05:34","date_gmt":"2023-05-04T07:05:34","guid":{"rendered":"https:\/\/domainelevejean.com\/wines\/les-heures-bleues\/"},"modified":"2026-03-04T12:07:46","modified_gmt":"2026-03-04T11:07:46","slug":"les-heures-bleues","status":"publish","type":"page","link":"https:\/\/domainelevejean.com\/en\/wines\/les-heures-bleues\/","title":{"rendered":"Les heures bleues"},"content":{"rendered":"<p>[et_pb_section fb_built=&#8221;1&#8243; fullwidth=&#8221;on&#8221; _builder_version=&#8221;4.20.4&#8243; _module_preset=&#8221;default&#8221; locked=&#8221;off&#8221; global_colors_info=&#8221;{}&#8221;][et_pb_fullwidth_header logo_image_url=&#8221;https:\/\/domainelevejean.com\/wp-content\/uploads\/2023\/05\/les-heures-bleues-logo.png&#8221; logo_alt_text=&#8221;Les heures bleues&#8221; _builder_version=&#8221;4.21.0&#8243; _module_preset=&#8221;368d5dc9-801d-4793-979e-809116867981&#8243; background_color=&#8221;#04488e&#8221; use_background_color_gradient=&#8221;on&#8221; background_color_gradient_direction=&#8221;145deg&#8221; background_color_gradient_stops=&#8221;#04488e 0%|#0557a8 100%&#8221; background_enable_image=&#8221;off&#8221; global_colors_info=&#8221;{}&#8221;][\/et_pb_fullwidth_header][\/et_pb_section][et_pb_section fb_built=&#8221;1&#8243; _builder_version=&#8221;4.20.4&#8243; _module_preset=&#8221;default&#8221; background_color=&#8221;rgba(90,31,44,0.05)&#8221; locked=&#8221;off&#8221; global_colors_info=&#8221;{}&#8221;][et_pb_row column_structure=&#8221;3_4,1_4&#8243; make_equal=&#8221;on&#8221; _builder_version=&#8221;4.21.0&#8243; _module_preset=&#8221;default&#8221; custom_padding=&#8221;0px||0px||true|false&#8221; global_colors_info=&#8221;{}&#8221;][et_pb_column type=&#8221;3_4&#8243; _builder_version=&#8221;4.21.0&#8243; _module_preset=&#8221;default&#8221; custom_css_main_element=&#8221;display: flex;||align-items: center;&#8221; global_colors_info=&#8221;{}&#8221;][et_pb_text _builder_version=&#8221;4.21.0&#8243; _module_preset=&#8221;default&#8221; text_font=&#8221;||on||||||&#8221; text_text_color=&#8221;#04488e&#8221; text_font_size=&#8221;16px&#8221; max_width=&#8221;800px&#8221; module_alignment=&#8221;center&#8221; global_colors_info=&#8221;{}&#8221;]<\/p>\n<p>Every evening the mountain turns blue before our eyes. It is what il does best. This bottle is a bit like our ascent of this blue mountain. 30 years that we sharpen every year this two vintages. We look for a little altitude that will offer us the volume in the mouth.<\/p>\n<p>[\/et_pb_text][\/et_pb_column][et_pb_column type=&#8221;1_4&#8243; _builder_version=&#8221;4.20.4&#8243; _module_preset=&#8221;default&#8221; global_colors_info=&#8221;{}&#8221;][et_pb_image src=&#8221;https:\/\/domainelevejean.com\/wp-content\/uploads\/2023\/05\/30-ans.png&#8221; alt=&#8221;30 yeats of expertise&#8221; _builder_version=&#8221;4.21.0&#8243; _module_preset=&#8221;default&#8221; global_colors_info=&#8221;{}&#8221;][\/et_pb_image][\/et_pb_column][\/et_pb_row][\/et_pb_section][et_pb_section fb_built=&#8221;1&#8243; _builder_version=&#8221;4.20.4&#8243; _module_preset=&#8221;default&#8221; locked=&#8221;off&#8221; global_colors_info=&#8221;{}&#8221;][et_pb_row column_structure=&#8221;1_3,2_3&#8243; make_equal=&#8221;on&#8221; _builder_version=&#8221;4.21.0&#8243; _module_preset=&#8221;default&#8221; global_colors_info=&#8221;{}&#8221;][et_pb_column type=&#8221;1_3&#8243; _builder_version=&#8221;4.20.4&#8243; _module_preset=&#8221;default&#8221; global_colors_info=&#8221;{}&#8221;][et_pb_image src=&#8221;https:\/\/domainelevejean.com\/wp-content\/uploads\/2023\/05\/les-heures-bleues-vin-blanc-chardonnay-domaine-levejean-bg.jpg&#8221; alt=&#8221;Les heures bleues &#8211; White&#8221; title_text=&#8221;les-heures-bleues-white-wine-chardonnay-domaine-levejean-bg&#8221; _builder_version=&#8221;4.21.0&#8243; _module_preset=&#8221;81776600-9944-4d69-9f76-5b1e3171ff5c&#8221; global_colors_info=&#8221;{}&#8221;][\/et_pb_image][\/et_pb_column][et_pb_column type=&#8221;2_3&#8243; _builder_version=&#8221;4.20.4&#8243; _module_preset=&#8221;379ae2ad-c786-4501-a5d5-6191e4f0f260&#8243; global_colors_info=&#8221;{}&#8221;][et_pb_cta title=&#8221;White \/ Chardonnay&#8221; button_url=&#8221;@ET-DC@eyJkeW5hbWljIjp0cnVlLCJjb250ZW50IjoicG9zdF9saW5rX3VybF9hdHRhY2htZW50Iiwic2V0dGluZ3MiOnsicG9zdF9pZCI6IjEzOTkifX0=@&#8221; url_new_window=&#8221;on&#8221; button_text=&#8221;Technical sheet&#8221; _builder_version=&#8221;4.27.6&#8243; _dynamic_attributes=&#8221;button_url&#8221; _module_preset=&#8221;5f7d8003-bec9-4b2d-83c9-ef748ff556e9&#8243; header_text_color=&#8221;#04488e&#8221; custom_button=&#8221;on&#8221; button_text_color=&#8221;#04488e&#8221; hover_enabled=&#8221;0&#8243; global_colors_info=&#8221;{}&#8221; sticky_enabled=&#8221;0&#8243;]<\/p>\n<p>Appelation<br \/><strong>Vin de France, White<\/strong><\/p>\n<p>Grape varieties<br \/><strong>100% Chardonnay<\/strong><strong><\/strong><\/p>\n<p>Region<strong><br \/>France, Occitanie, north of B\u00e9ziers on the Orb river&#8217;s banks.<br \/><\/strong><\/p>\n<p>Label<br \/><strong><abbr title=\"High Environmental Value\">HEV<\/abbr><\/strong><\/p>\n<p>Terroir and culture<br \/><strong>The highest clay-limestone terraces with a southern exposure on very stony ground.<\/strong><\/p>\n<p>Vinification<br \/><strong>Harvest at night, reception of the grapes in our semi-buried cellar, <\/strong><strong>draining, fermentation in concrete vats at low temperature. Ageing in stainless steel vats <\/strong><strong>for 3 months, stirring on lees for 6 weeks.<\/strong><\/p>\n<p>Tasting notes<br \/><strong>A pretty bright straw yellow color. An intense nose of pineapple and <\/strong><strong>brioche aromas. The palate is round and full, aromas of white fruits, some notes <\/strong><strong>of toast and hazelnut, beautiful balance with a long persistence.<\/strong><\/p>\n<p>Recommended serving temperature<br \/><strong>Between 8\u00b0 and 10\u00b0 C; Wine to be consumed from present and within two years<\/strong><\/p>\n<p>Food and wine pairings<br \/><strong>White meats, fish in sauce, apricot pies.<\/strong><\/p>\n<p>Alcohol<br \/><strong>13,5% alc.\/vol<\/strong><\/p>\n<p>[\/et_pb_cta][\/et_pb_column][\/et_pb_row][\/et_pb_section][et_pb_section fb_built=&#8221;1&#8243; _builder_version=&#8221;4.20.4&#8243; _module_preset=&#8221;default&#8221; hover_enabled=&#8221;0&#8243; locked=&#8221;off&#8221; global_colors_info=&#8221;{}&#8221; sticky_enabled=&#8221;0&#8243;][et_pb_row column_structure=&#8221;1_3,2_3&#8243; make_equal=&#8221;on&#8221; _builder_version=&#8221;4.21.0&#8243; _module_preset=&#8221;default&#8221; hover_enabled=&#8221;0&#8243; global_colors_info=&#8221;{}&#8221; sticky_enabled=&#8221;0&#8243;][et_pb_column type=&#8221;1_3&#8243; _builder_version=&#8221;4.20.4&#8243; _module_preset=&#8221;default&#8221; global_colors_info=&#8221;{}&#8221;][et_pb_image src=&#8221;https:\/\/domainelevejean.com\/wp-content\/uploads\/2023\/05\/les-heures-bleues-vin-rose-syrah-domaine-levejean-bg.jpg&#8221; alt=&#8221;Les heures bleues &#8211; Ros\u00e9&#8221; title_text=&#8221;les-heures-bleues-rose-wine-syrah-domaine-levejean-bg&#8221; _builder_version=&#8221;4.21.0&#8243; _module_preset=&#8221;81776600-9944-4d69-9f76-5b1e3171ff5c&#8221; global_colors_info=&#8221;{}&#8221;][\/et_pb_image][\/et_pb_column][et_pb_column type=&#8221;2_3&#8243; _builder_version=&#8221;4.20.4&#8243; _module_preset=&#8221;379ae2ad-c786-4501-a5d5-6191e4f0f260&#8243; global_colors_info=&#8221;{}&#8221;][et_pb_cta title=&#8221;Ros\u00e9 \/ Syrah&#8221; button_url=&#8221;@ET-DC@eyJkeW5hbWljIjp0cnVlLCJjb250ZW50IjoicG9zdF9saW5rX3VybF9hdHRhY2htZW50Iiwic2V0dGluZ3MiOnsicG9zdF9pZCI6IjE0MDEifX0=@&#8221; url_new_window=&#8221;on&#8221; button_text=&#8221;Technical sheet&#8221; _builder_version=&#8221;4.27.6&#8243; _dynamic_attributes=&#8221;button_url&#8221; _module_preset=&#8221;5f7d8003-bec9-4b2d-83c9-ef748ff556e9&#8243; header_text_color=&#8221;#04488e&#8221; custom_button=&#8221;on&#8221; button_text_color=&#8221;#04488e&#8221; hover_enabled=&#8221;0&#8243; global_colors_info=&#8221;{}&#8221; sticky_enabled=&#8221;0&#8243;]<\/p>\n<p>Appelation<br \/><strong>Vin de France, Ros\u00e9<\/strong><\/p>\n<p>Grape varieties<br \/><strong>100% Syrah<\/strong><strong><\/strong><\/p>\n<p>Region <strong><br \/>France, Occitanie, north of B\u00e9ziers on the Orb river&#8217;s banks<\/strong><\/p>\n<p>Label<br \/><strong><abbr title=\"High Environmental Value\">HEV<\/abbr><\/strong><\/p>\n<p>Terroir and culture<br \/><strong>The balance of two terroirs: the ancient banks of the Orb river, clay-silty ground for their freshness and the clay-limestone terraces for the maturity.<\/strong><\/p>\n<p>Vinification<br \/><strong>Harvest at night, reception of the grapes in our semi-buried cellar, draining, fermentation in concrete tanks at low temperature. Ageing in stainless steel vats for 3 months, stirring on lees for 6 weeks.<\/strong><\/p>\n<p>Tasting notes<br \/><strong>Powder pink color, very fruity grenadine nose, cotton candy; <\/strong><strong>ample mouth and fruity on aromas of strawberry jam.<\/strong><\/p>\n<p>Recommended serving temperature<br \/><strong>Between 10\u00b0 and 12\u00b0 C; Wine to be consumed in the year<\/strong><\/p>\n<p>Food and wine pairings<br \/><strong>Appetizers, grilled meat, exotic cuisine, red fruit pies<\/strong><\/p>\n<p>Alcohol<br \/><strong>12.5% alc.\/vol<\/strong><\/p>\n<p>[\/et_pb_cta][\/et_pb_column][\/et_pb_row][\/et_pb_section]<\/p>\n","protected":false},"excerpt":{"rendered":"<p>Every evening the mountain turns blue before our eyes. It is what il does best. This bottle is a bit like our ascent of this blue mountain. 30 years that we sharpen every year this two vintages. We look for a little altitude that will offer us the volume in the mouth.AppelationVin de France, White [&hellip;]<\/p>\n","protected":false},"author":5,"featured_media":0,"parent":473,"menu_order":0,"comment_status":"closed","ping_status":"closed","template":"","meta":{"_et_pb_use_builder":"on","_et_pb_old_content":"","_et_gb_content_width":"","inline_featured_image":false,"footnotes":""},"class_list":["post-531","page","type-page","status-publish","hentry"],"yoast_head":"<!-- This site is optimized with the Yoast SEO plugin v27.1.1 - https:\/\/yoast.com\/product\/yoast-seo-wordpress\/ -->\n<title>Les heures bleues - Range of wines - Domaine L\u00e9v\u00e9jean<\/title>\n<meta name=\"robots\" content=\"index, follow, max-snippet:-1, max-image-preview:large, max-video-preview:-1\" \/>\n<link rel=\"canonical\" href=\"https:\/\/domainelevejean.com\/en\/wines\/les-heures-bleues\/\" \/>\n<meta property=\"og:locale\" content=\"en_US\" \/>\n<meta property=\"og:type\" content=\"article\" \/>\n<meta property=\"og:title\" content=\"Les heures bleues - Range of wines - Domaine L\u00e9v\u00e9jean\" \/>\n<meta property=\"og:description\" content=\"Every evening the mountain turns blue before our eyes. It is what il does best. This bottle is a bit like our ascent of this blue mountain. 30 years that we sharpen every year this two vintages. We look for a little altitude that will offer us the volume in the mouth.AppelationVin de France, White [&hellip;]\" \/>\n<meta property=\"og:url\" content=\"https:\/\/domainelevejean.com\/en\/wines\/les-heures-bleues\/\" \/>\n<meta property=\"og:site_name\" content=\"Domaine L\u00e9v\u00e9jean\" \/>\n<meta property=\"article:publisher\" content=\"https:\/\/www.facebook.com\/domainelevejean\/\" \/>\n<meta property=\"article:modified_time\" content=\"2026-03-04T11:07:46+00:00\" \/>\n<meta name=\"twitter:card\" content=\"summary_large_image\" \/>\n<meta name=\"twitter:label1\" content=\"Est. reading time\" \/>\n\t<meta name=\"twitter:data1\" content=\"5 minutes\" \/>\n<script type=\"application\/ld+json\" class=\"yoast-schema-graph\">{\"@context\":\"https:\/\/schema.org\",\"@graph\":[{\"@type\":\"WebPage\",\"@id\":\"https:\/\/domainelevejean.com\/en\/wines\/les-heures-bleues\/\",\"url\":\"https:\/\/domainelevejean.com\/en\/wines\/les-heures-bleues\/\",\"name\":\"Les heures bleues - Range of wines - Domaine L\u00e9v\u00e9jean\",\"isPartOf\":{\"@id\":\"https:\/\/domainelevejean.com\/en\/#website\"},\"datePublished\":\"2023-05-04T07:05:34+00:00\",\"dateModified\":\"2026-03-04T11:07:46+00:00\",\"breadcrumb\":{\"@id\":\"https:\/\/domainelevejean.com\/en\/wines\/les-heures-bleues\/#breadcrumb\"},\"inLanguage\":\"en-US\",\"potentialAction\":[{\"@type\":\"ReadAction\",\"target\":[\"https:\/\/domainelevejean.com\/en\/wines\/les-heures-bleues\/\"]}]},{\"@type\":\"BreadcrumbList\",\"@id\":\"https:\/\/domainelevejean.com\/en\/wines\/les-heures-bleues\/#breadcrumb\",\"itemListElement\":[{\"@type\":\"ListItem\",\"position\":1,\"name\":\"Accueil\",\"item\":\"https:\/\/domainelevejean.com\/en\/\"},{\"@type\":\"ListItem\",\"position\":2,\"name\":\"Wines\",\"item\":\"https:\/\/domainelevejean.com\/en\/wines\/\"},{\"@type\":\"ListItem\",\"position\":3,\"name\":\"Les heures bleues\"}]},{\"@type\":\"WebSite\",\"@id\":\"https:\/\/domainelevejean.com\/en\/#website\",\"url\":\"https:\/\/domainelevejean.com\/en\/\",\"name\":\"Domaine L\u00e9v\u00e9jean\",\"description\":\"Oenotourisme - Vins de c\u00e9pages Pays d&#039;Oc - Vins de c\u00e9pages Coteaux de B\u00e9ziers - Certifi\u00e9 HVE\",\"potentialAction\":[{\"@type\":\"SearchAction\",\"target\":{\"@type\":\"EntryPoint\",\"urlTemplate\":\"https:\/\/domainelevejean.com\/en\/?s={search_term_string}\"},\"query-input\":{\"@type\":\"PropertyValueSpecification\",\"valueRequired\":true,\"valueName\":\"search_term_string\"}}],\"inLanguage\":\"en-US\"}]}<\/script>\n<!-- \/ Yoast SEO plugin. -->","yoast_head_json":{"title":"Les heures bleues - Range of wines - Domaine L\u00e9v\u00e9jean","robots":{"index":"index","follow":"follow","max-snippet":"max-snippet:-1","max-image-preview":"max-image-preview:large","max-video-preview":"max-video-preview:-1"},"canonical":"https:\/\/domainelevejean.com\/en\/wines\/les-heures-bleues\/","og_locale":"en_US","og_type":"article","og_title":"Les heures bleues - Range of wines - Domaine L\u00e9v\u00e9jean","og_description":"Every evening the mountain turns blue before our eyes. It is what il does best. This bottle is a bit like our ascent of this blue mountain. 30 years that we sharpen every year this two vintages. We look for a little altitude that will offer us the volume in the mouth.AppelationVin de France, White [&hellip;]","og_url":"https:\/\/domainelevejean.com\/en\/wines\/les-heures-bleues\/","og_site_name":"Domaine L\u00e9v\u00e9jean","article_publisher":"https:\/\/www.facebook.com\/domainelevejean\/","article_modified_time":"2026-03-04T11:07:46+00:00","twitter_card":"summary_large_image","twitter_misc":{"Est. reading time":"5 minutes"},"schema":{"@context":"https:\/\/schema.org","@graph":[{"@type":"WebPage","@id":"https:\/\/domainelevejean.com\/en\/wines\/les-heures-bleues\/","url":"https:\/\/domainelevejean.com\/en\/wines\/les-heures-bleues\/","name":"Les heures bleues - Range of wines - Domaine L\u00e9v\u00e9jean","isPartOf":{"@id":"https:\/\/domainelevejean.com\/en\/#website"},"datePublished":"2023-05-04T07:05:34+00:00","dateModified":"2026-03-04T11:07:46+00:00","breadcrumb":{"@id":"https:\/\/domainelevejean.com\/en\/wines\/les-heures-bleues\/#breadcrumb"},"inLanguage":"en-US","potentialAction":[{"@type":"ReadAction","target":["https:\/\/domainelevejean.com\/en\/wines\/les-heures-bleues\/"]}]},{"@type":"BreadcrumbList","@id":"https:\/\/domainelevejean.com\/en\/wines\/les-heures-bleues\/#breadcrumb","itemListElement":[{"@type":"ListItem","position":1,"name":"Accueil","item":"https:\/\/domainelevejean.com\/en\/"},{"@type":"ListItem","position":2,"name":"Wines","item":"https:\/\/domainelevejean.com\/en\/wines\/"},{"@type":"ListItem","position":3,"name":"Les heures bleues"}]},{"@type":"WebSite","@id":"https:\/\/domainelevejean.com\/en\/#website","url":"https:\/\/domainelevejean.com\/en\/","name":"Domaine L\u00e9v\u00e9jean","description":"Oenotourisme - Vins de c\u00e9pages Pays d&#039;Oc - Vins de c\u00e9pages Coteaux de B\u00e9ziers - Certifi\u00e9 HVE","potentialAction":[{"@type":"SearchAction","target":{"@type":"EntryPoint","urlTemplate":"https:\/\/domainelevejean.com\/en\/?s={search_term_string}"},"query-input":{"@type":"PropertyValueSpecification","valueRequired":true,"valueName":"search_term_string"}}],"inLanguage":"en-US"}]}},"_links":{"self":[{"href":"https:\/\/domainelevejean.com\/en\/wp-json\/wp\/v2\/pages\/531","targetHints":{"allow":["GET"]}}],"collection":[{"href":"https:\/\/domainelevejean.com\/en\/wp-json\/wp\/v2\/pages"}],"about":[{"href":"https:\/\/domainelevejean.com\/en\/wp-json\/wp\/v2\/types\/page"}],"author":[{"embeddable":true,"href":"https:\/\/domainelevejean.com\/en\/wp-json\/wp\/v2\/users\/5"}],"replies":[{"embeddable":true,"href":"https:\/\/domainelevejean.com\/en\/wp-json\/wp\/v2\/comments?post=531"}],"version-history":[{"count":7,"href":"https:\/\/domainelevejean.com\/en\/wp-json\/wp\/v2\/pages\/531\/revisions"}],"predecessor-version":[{"id":1408,"href":"https:\/\/domainelevejean.com\/en\/wp-json\/wp\/v2\/pages\/531\/revisions\/1408"}],"up":[{"embeddable":true,"href":"https:\/\/domainelevejean.com\/en\/wp-json\/wp\/v2\/pages\/473"}],"wp:attachment":[{"href":"https:\/\/domainelevejean.com\/en\/wp-json\/wp\/v2\/media?parent=531"}],"curies":[{"name":"wp","href":"https:\/\/api.w.org\/{rel}","templated":true}]}}