{"id":525,"date":"2023-05-04T10:27:31","date_gmt":"2023-05-04T08:27:31","guid":{"rendered":"https:\/\/domainelevejean.com\/wines\/la-levee-de-jean\/"},"modified":"2026-03-04T17:57:41","modified_gmt":"2026-03-04T16:57:41","slug":"la-levee-de-jean","status":"publish","type":"page","link":"https:\/\/domainelevejean.com\/en\/wines\/la-levee-de-jean\/","title":{"rendered":"La lev\u00e9e de Jean"},"content":{"rendered":"<p>[et_pb_section fb_built=&#8221;1&#8243; fullwidth=&#8221;on&#8221; _builder_version=&#8221;4.20.4&#8243; _module_preset=&#8221;default&#8221; locked=&#8221;off&#8221; global_colors_info=&#8221;{}&#8221;][et_pb_fullwidth_header logo_image_url=&#8221;https:\/\/domainelevejean.com\/wp-content\/uploads\/2023\/05\/la-levee-de-jean-logo.png&#8221; logo_alt_text=&#8221;La lev\u00e9e de Jean&#8221; _builder_version=&#8221;4.21.0&#8243; _module_preset=&#8221;368d5dc9-801d-4793-979e-809116867981&#8243; background_enable_image=&#8221;off&#8221; global_colors_info=&#8221;{}&#8221;][\/et_pb_fullwidth_header][\/et_pb_section][et_pb_section fb_built=&#8221;1&#8243; _builder_version=&#8221;4.20.4&#8243; _module_preset=&#8221;default&#8221; background_color=&#8221;rgba(90,31,44,0.05)&#8221; global_colors_info=&#8221;{}&#8221;][et_pb_row column_structure=&#8221;3_4,1_4&#8243; make_equal=&#8221;on&#8221; _builder_version=&#8221;4.21.0&#8243; _module_preset=&#8221;default&#8221; custom_padding=&#8221;0px||0px||true|false&#8221; locked=&#8221;off&#8221; global_colors_info=&#8221;{}&#8221;][et_pb_column type=&#8221;3_4&#8243; _builder_version=&#8221;4.21.0&#8243; _module_preset=&#8221;default&#8221; custom_css_main_element=&#8221;display: flex;||align-items: center;&#8221; global_colors_info=&#8221;{}&#8221;][et_pb_text _builder_version=&#8221;4.23.1&#8243; _module_preset=&#8221;default&#8221; text_font=&#8221;||on||||||&#8221; text_font_size=&#8221;16px&#8221; max_width=&#8221;800px&#8221; module_alignment=&#8221;center&#8221; global_colors_info=&#8221;{}&#8221;]<\/p>\n<p>This white wine is aged in a very innovative stainless-steel barrel wich reinforces the amplitude of a wine without losing its precision of freshness and fruit. The red wine is vinified and aged in this barrel, delicately, without transfer and with a great control of the oxygen input. It does not deny its terroir and retains its freshness.<\/p>\n<p>[\/et_pb_text][\/et_pb_column][et_pb_column type=&#8221;1_4&#8243; _builder_version=&#8221;4.20.4&#8243; _module_preset=&#8221;default&#8221; global_colors_info=&#8221;{}&#8221;][et_pb_image src=&#8221;https:\/\/domainelevejean.com\/wp-content\/uploads\/2023\/11\/vins-non-filtres.png&#8221; alt=&#8221;Unfiltered wines&#8221; _builder_version=&#8221;4.23.1&#8243; _module_preset=&#8221;default&#8221; global_colors_info=&#8221;{}&#8221;][\/et_pb_image][\/et_pb_column][\/et_pb_row][\/et_pb_section][et_pb_section fb_built=&#8221;1&#8243; _builder_version=&#8221;4.20.4&#8243; _module_preset=&#8221;default&#8221; global_colors_info=&#8221;{}&#8221;][et_pb_row column_structure=&#8221;1_3,2_3&#8243; make_equal=&#8221;on&#8221; _builder_version=&#8221;4.21.0&#8243; _module_preset=&#8221;default&#8221; global_colors_info=&#8221;{}&#8221;][et_pb_column type=&#8221;1_3&#8243; _builder_version=&#8221;4.20.4&#8243; _module_preset=&#8221;default&#8221; global_colors_info=&#8221;{}&#8221;][et_pb_image src=&#8221;https:\/\/domainelevejean.com\/wp-content\/uploads\/2023\/05\/la-levee-de-jean-blanc-bg-2.jpg&#8221; alt=&#8221;La lev\u00e9e de Jean &#8211; White wine 100% Chardonnay&#8221; _builder_version=&#8221;4.21.0&#8243; _module_preset=&#8221;81776600-9944-4d69-9f76-5b1e3171ff5c&#8221; global_colors_info=&#8221;{}&#8221;][\/et_pb_image][\/et_pb_column][et_pb_column type=&#8221;2_3&#8243; _builder_version=&#8221;4.20.4&#8243; _module_preset=&#8221;379ae2ad-c786-4501-a5d5-6191e4f0f260&#8243; global_colors_info=&#8221;{}&#8221;][et_pb_cta title=&#8221;White \/ Chardonnay&#8221; button_url=&#8221;@ET-DC@eyJkeW5hbWljIjp0cnVlLCJjb250ZW50IjoicG9zdF9saW5rX3VybF9hdHRhY2htZW50Iiwic2V0dGluZ3MiOnsicG9zdF9pZCI6IjE0MjQifX0=@&#8221; url_new_window=&#8221;on&#8221; button_text=&#8221;Technical sheet&#8221; _builder_version=&#8221;4.27.6&#8243; _dynamic_attributes=&#8221;button_url&#8221; _module_preset=&#8221;5f7d8003-bec9-4b2d-83c9-ef748ff556e9&#8243; hover_enabled=&#8221;0&#8243; global_colors_info=&#8221;{}&#8221; sticky_enabled=&#8221;0&#8243;]<\/p>\n<p>Appelation<br \/><strong>Vin de France, White<\/strong><\/p>\n<p>Grape varieties<br \/><strong>100% Chardonnay<\/strong><strong><\/strong><\/p>\n<p>Region <strong><br \/>France, Occitanie, north of B\u00e9ziers on the Orb river&#8217;s banks<\/strong><\/p>\n<p>Label<br \/><strong><abbr title=\"High Environmental Value\">HEV<\/abbr><\/strong><\/p>\n<p>Terroir and culture<br \/><strong>Plot selection \u201cLa Cardounette\u201d, limestone terraces south facing<br \/>south facing<\/strong><\/p>\n<p>Vinification<br \/><strong>Harvest at night, reception of the grapes in our semi-buried cellar, <\/strong><strong>draining, fermentation in concrete vats at low temperature. Ageing in stainless steel barrels <\/strong><strong>for 4 months.<\/strong><\/p>\n<p>Tasting notes<br \/><strong>Wine with a golden yellow color. A very expressive nose, aromas of vanilla and grilled almonds. An opulent mouth with aromas of white peach, brioche and spices, well balanced in the mouth, long persistence.<\/strong><\/p>\n<p>Recommended serving temperature<br \/><strong>Between 8\u00b0 and 10\u00b0 C; Wine to be consumed from present and within 2 years<\/strong><\/p>\n<p>Food and wine pairings<br \/><strong>Veal blanquette, filet mignon in crust, sheep cheese.<\/strong><\/p>\n<p>Alcohol<br \/><strong>13.5% alc.\/vol<\/strong><\/p>\n<p>[\/et_pb_cta][\/et_pb_column][\/et_pb_row][et_pb_row column_structure=&#8221;1_3,2_3&#8243; make_equal=&#8221;on&#8221; _builder_version=&#8221;4.21.0&#8243; _module_preset=&#8221;default&#8221; global_colors_info=&#8221;{}&#8221;][et_pb_column type=&#8221;1_3&#8243; _builder_version=&#8221;4.20.4&#8243; _module_preset=&#8221;default&#8221; global_colors_info=&#8221;{}&#8221;][et_pb_image src=&#8221;https:\/\/domainelevejean.com\/wp-content\/uploads\/2026\/03\/la-levee-de-jean-rouge1.png&#8221; alt=&#8221;La lev\u00e9e de Jean &#8211; White wine 100% Chardonnay&#8221; title_text=&#8221;La lev\u00e9e de Jean rouge&#8221; _builder_version=&#8221;4.27.6&#8243; _module_preset=&#8221;81776600-9944-4d69-9f76-5b1e3171ff5c&#8221; global_colors_info=&#8221;{}&#8221;][\/et_pb_image][\/et_pb_column][et_pb_column type=&#8221;2_3&#8243; _builder_version=&#8221;4.20.4&#8243; _module_preset=&#8221;379ae2ad-c786-4501-a5d5-6191e4f0f260&#8243; global_colors_info=&#8221;{}&#8221;][et_pb_cta title=&#8221;Red \/ Syrah&#8221; button_url=&#8221;@ET-DC@eyJkeW5hbWljIjp0cnVlLCJjb250ZW50IjoicG9zdF9saW5rX3VybF9hdHRhY2htZW50Iiwic2V0dGluZ3MiOnsicG9zdF9pZCI6IjEzOTcifX0=@&#8221; url_new_window=&#8221;on&#8221; button_text=&#8221;Technical sheet&#8221; _builder_version=&#8221;4.27.6&#8243; _dynamic_attributes=&#8221;button_url&#8221; _module_preset=&#8221;5f7d8003-bec9-4b2d-83c9-ef748ff556e9&#8243; hover_enabled=&#8221;0&#8243; global_colors_info=&#8221;{}&#8221; sticky_enabled=&#8221;0&#8243;]<\/p>\n<p>Appelation<br \/><strong>Vin de France, Red<\/strong><\/p>\n<p>Grape varieties<br \/><strong>100% Syrah<\/strong><strong><\/strong><\/p>\n<p>Region <strong><br \/>France, Occitanie, north of B\u00e9ziers on the Orb river&#8217;s banks<\/strong><\/p>\n<p>Label<br \/><strong><abbr title=\"High Environmental Value\">HEV<\/abbr><\/strong><\/p>\n<p>Terroir and culture<br \/><strong>Plot selection, limestone terraces south facing<br \/>south facing<\/strong><\/p>\n<p>Vinification<br \/><strong>Harvest at night, reception of the grapes in our semi-buried cellar, <\/strong><strong>draining, fermentation in concrete vats at low temperature. Ageing in stainless steel barrels <\/strong><strong>for 4 months.<\/strong><\/p>\n<p>Tasting notes<br \/><strong>Brilliant garnet color. Delicate licorice, candied fruit and silky tannins.\u00a0<\/strong><\/p>\n<p>Recommended serving temperature<br \/><strong>Between 14\u00b0 and 18\u00b0 C; Wine to be consumed from present and within 2 years<\/strong><\/p>\n<p>Food and wine pairings<br \/><strong>Whether it&#8217;s simmered dishes, a vegetable stir-fry, or enjoyed on its own, it will suit all your moments.<\/strong><\/p>\n<p>Alcohol<br \/><strong>13.5% alc.\/vol<\/strong><\/p>\n<p>[\/et_pb_cta][\/et_pb_column][\/et_pb_row][\/et_pb_section][et_pb_section fb_built=&#8221;1&#8243; disabled_on=&#8221;on|on|on&#8221; _builder_version=&#8221;4.20.4&#8243; _module_preset=&#8221;default&#8221; disabled=&#8221;on&#8221; global_colors_info=&#8221;{}&#8221;][et_pb_row column_structure=&#8221;1_3,2_3&#8243; make_equal=&#8221;on&#8221; disabled_on=&#8221;off|off|off&#8221; _builder_version=&#8221;4.21.0&#8243; _module_preset=&#8221;default&#8221; global_colors_info=&#8221;{}&#8221;][et_pb_column type=&#8221;1_3&#8243; _builder_version=&#8221;4.20.4&#8243; _module_preset=&#8221;default&#8221; global_colors_info=&#8221;{}&#8221;][et_pb_image src=&#8221;https:\/\/domainelevejean.com\/wp-content\/uploads\/2023\/05\/jus-de-cailloux-rose.jpg&#8221; alt=&#8221;Jus de cailloux &#8211; Ros\u00e9&#8221; title_text=&#8221;jus-de-cailloux-grenache-cinsault&#8221; _builder_version=&#8221;4.21.0&#8243; _module_preset=&#8221;81776600-9944-4d69-9f76-5b1e3171ff5c&#8221; global_colors_info=&#8221;{}&#8221;][\/et_pb_image][\/et_pb_column][et_pb_column type=&#8221;2_3&#8243; _builder_version=&#8221;4.20.4&#8243; _module_preset=&#8221;379ae2ad-c786-4501-a5d5-6191e4f0f260&#8243; global_colors_info=&#8221;{}&#8221;][et_pb_cta title=&#8221;Grenache Cinsault&#8221; button_url=&#8221;@ET-DC@eyJkeW5hbWljIjp0cnVlLCJjb250ZW50IjoicG9zdF9saW5rX3VybF9hdHRhY2htZW50Iiwic2V0dGluZ3MiOnsicG9zdF9pZCI6IjI3MSJ9fQ==@&#8221; url_new_window=&#8221;on&#8221; button_text=&#8221;Technical sheet&#8221; _builder_version=&#8221;4.20.4&#8243; _dynamic_attributes=&#8221;button_url&#8221; _module_preset=&#8221;5f7d8003-bec9-4b2d-83c9-ef748ff556e9&#8243; global_colors_info=&#8221;{}&#8221;]<\/p>\n<p>Appelation<br \/><strong>IGP Pays d&#8217;OC, Ros\u00e9<\/strong><\/p>\n<p>Grape varieties<br \/><strong>75% Grenache, 25% Cinsault<\/strong><strong><\/strong><\/p>\n<p>Label<br \/><strong>Conversion to Organic farming &#8211; <abbr title=\"High Environmental Value\">HEV<\/abbr><\/strong><\/p>\n<p>Terroir and culture<br \/><strong>Cinsault on the clay-limestone terraces for its finesse and remarkable fruit; Grenache on the rolled pebbles of the former Orb river bed for its generosity and structure.<\/strong><strong><abbr title=\"High Environmental Value\"><\/abbr><\/strong><\/p>\n<p>Vinification<br \/><strong>Harvesting at night, reception of the grapes in our semi-buried cellar,<br \/>draining, maceration on lees for the Grenache, fermentation in concrete tanks at low temperature. Ageing in stainless steel vats for 3 months, stirring on lees for 6 weeks.<\/strong><\/p>\n<p>Tasting notes<br \/><strong>Pretty pink peach colour, discreet nose of small red fruits, roundness and richness in the mouth with its aroma of harlequin candy with a fresh finish.<\/strong><\/p>\n<p>Recommended serving temperature<br \/><strong>Between 10\u00b0 and 12\u00b0 C; Wine to be consumed in the year<\/strong><\/p>\n<p>Food and wine pairings<br \/><strong>Summer salad, ham and melon, tapas<\/strong><\/p>\n<p>Alcohol<br \/><strong>13% alc.\/vol<\/strong><\/p>\n<p>[\/et_pb_cta][\/et_pb_column][\/et_pb_row][\/et_pb_section]<\/p>\n","protected":false},"excerpt":{"rendered":"<p>This white wine is aged in a very innovative stainless-steel barrel wich reinforces the amplitude of a wine without losing its precision of freshness and fruit. The red wine is vinified and aged in this barrel, delicately, without transfer and with a great control of the oxygen input. It does not deny its terroir and [&hellip;]<\/p>\n","protected":false},"author":5,"featured_media":0,"parent":473,"menu_order":0,"comment_status":"closed","ping_status":"closed","template":"","meta":{"_et_pb_use_builder":"on","_et_pb_old_content":"","_et_gb_content_width":"","inline_featured_image":false,"footnotes":""},"class_list":["post-525","page","type-page","status-publish","hentry"],"yoast_head":"<!-- This site is optimized with the Yoast SEO plugin v27.1.1 - https:\/\/yoast.com\/product\/yoast-seo-wordpress\/ -->\n<title>La lev\u00e9e de Jean - Range of wines - Domaine L\u00e9v\u00e9jean<\/title>\n<meta name=\"robots\" content=\"index, follow, max-snippet:-1, max-image-preview:large, max-video-preview:-1\" \/>\n<link rel=\"canonical\" href=\"https:\/\/domainelevejean.com\/en\/wines\/la-levee-de-jean\/\" \/>\n<meta property=\"og:locale\" content=\"en_US\" \/>\n<meta property=\"og:type\" content=\"article\" \/>\n<meta property=\"og:title\" content=\"La lev\u00e9e de Jean - Range of wines - Domaine L\u00e9v\u00e9jean\" \/>\n<meta property=\"og:description\" content=\"This white wine is aged in a very innovative stainless-steel barrel wich reinforces the amplitude of a wine without losing its precision of freshness and fruit. The red wine is vinified and aged in this barrel, delicately, without transfer and with a great control of the oxygen input. It does not deny its terroir and [&hellip;]\" \/>\n<meta property=\"og:url\" content=\"https:\/\/domainelevejean.com\/en\/wines\/la-levee-de-jean\/\" \/>\n<meta property=\"og:site_name\" content=\"Domaine L\u00e9v\u00e9jean\" \/>\n<meta property=\"article:publisher\" content=\"https:\/\/www.facebook.com\/domainelevejean\/\" \/>\n<meta property=\"article:modified_time\" content=\"2026-03-04T16:57:41+00:00\" \/>\n<meta name=\"twitter:card\" content=\"summary_large_image\" \/>\n<meta name=\"twitter:label1\" content=\"Est. reading time\" \/>\n\t<meta name=\"twitter:data1\" content=\"6 minutes\" \/>\n<script type=\"application\/ld+json\" class=\"yoast-schema-graph\">{\"@context\":\"https:\/\/schema.org\",\"@graph\":[{\"@type\":\"WebPage\",\"@id\":\"https:\/\/domainelevejean.com\/en\/wines\/la-levee-de-jean\/\",\"url\":\"https:\/\/domainelevejean.com\/en\/wines\/la-levee-de-jean\/\",\"name\":\"La lev\u00e9e de Jean - Range of wines - Domaine L\u00e9v\u00e9jean\",\"isPartOf\":{\"@id\":\"https:\/\/domainelevejean.com\/en\/#website\"},\"datePublished\":\"2023-05-04T08:27:31+00:00\",\"dateModified\":\"2026-03-04T16:57:41+00:00\",\"breadcrumb\":{\"@id\":\"https:\/\/domainelevejean.com\/en\/wines\/la-levee-de-jean\/#breadcrumb\"},\"inLanguage\":\"en-US\",\"potentialAction\":[{\"@type\":\"ReadAction\",\"target\":[\"https:\/\/domainelevejean.com\/en\/wines\/la-levee-de-jean\/\"]}]},{\"@type\":\"BreadcrumbList\",\"@id\":\"https:\/\/domainelevejean.com\/en\/wines\/la-levee-de-jean\/#breadcrumb\",\"itemListElement\":[{\"@type\":\"ListItem\",\"position\":1,\"name\":\"Accueil\",\"item\":\"https:\/\/domainelevejean.com\/en\/\"},{\"@type\":\"ListItem\",\"position\":2,\"name\":\"Wines\",\"item\":\"https:\/\/domainelevejean.com\/en\/wines\/\"},{\"@type\":\"ListItem\",\"position\":3,\"name\":\"La lev\u00e9e de Jean\"}]},{\"@type\":\"WebSite\",\"@id\":\"https:\/\/domainelevejean.com\/en\/#website\",\"url\":\"https:\/\/domainelevejean.com\/en\/\",\"name\":\"Domaine L\u00e9v\u00e9jean\",\"description\":\"Oenotourisme - Vins de c\u00e9pages Pays d&#039;Oc - Vins de c\u00e9pages Coteaux de B\u00e9ziers - Certifi\u00e9 HVE\",\"potentialAction\":[{\"@type\":\"SearchAction\",\"target\":{\"@type\":\"EntryPoint\",\"urlTemplate\":\"https:\/\/domainelevejean.com\/en\/?s={search_term_string}\"},\"query-input\":{\"@type\":\"PropertyValueSpecification\",\"valueRequired\":true,\"valueName\":\"search_term_string\"}}],\"inLanguage\":\"en-US\"}]}<\/script>\n<!-- \/ Yoast SEO plugin. -->","yoast_head_json":{"title":"La lev\u00e9e de Jean - Range of wines - Domaine L\u00e9v\u00e9jean","robots":{"index":"index","follow":"follow","max-snippet":"max-snippet:-1","max-image-preview":"max-image-preview:large","max-video-preview":"max-video-preview:-1"},"canonical":"https:\/\/domainelevejean.com\/en\/wines\/la-levee-de-jean\/","og_locale":"en_US","og_type":"article","og_title":"La lev\u00e9e de Jean - Range of wines - Domaine L\u00e9v\u00e9jean","og_description":"This white wine is aged in a very innovative stainless-steel barrel wich reinforces the amplitude of a wine without losing its precision of freshness and fruit. The red wine is vinified and aged in this barrel, delicately, without transfer and with a great control of the oxygen input. It does not deny its terroir and [&hellip;]","og_url":"https:\/\/domainelevejean.com\/en\/wines\/la-levee-de-jean\/","og_site_name":"Domaine L\u00e9v\u00e9jean","article_publisher":"https:\/\/www.facebook.com\/domainelevejean\/","article_modified_time":"2026-03-04T16:57:41+00:00","twitter_card":"summary_large_image","twitter_misc":{"Est. reading time":"6 minutes"},"schema":{"@context":"https:\/\/schema.org","@graph":[{"@type":"WebPage","@id":"https:\/\/domainelevejean.com\/en\/wines\/la-levee-de-jean\/","url":"https:\/\/domainelevejean.com\/en\/wines\/la-levee-de-jean\/","name":"La lev\u00e9e de Jean - Range of wines - Domaine L\u00e9v\u00e9jean","isPartOf":{"@id":"https:\/\/domainelevejean.com\/en\/#website"},"datePublished":"2023-05-04T08:27:31+00:00","dateModified":"2026-03-04T16:57:41+00:00","breadcrumb":{"@id":"https:\/\/domainelevejean.com\/en\/wines\/la-levee-de-jean\/#breadcrumb"},"inLanguage":"en-US","potentialAction":[{"@type":"ReadAction","target":["https:\/\/domainelevejean.com\/en\/wines\/la-levee-de-jean\/"]}]},{"@type":"BreadcrumbList","@id":"https:\/\/domainelevejean.com\/en\/wines\/la-levee-de-jean\/#breadcrumb","itemListElement":[{"@type":"ListItem","position":1,"name":"Accueil","item":"https:\/\/domainelevejean.com\/en\/"},{"@type":"ListItem","position":2,"name":"Wines","item":"https:\/\/domainelevejean.com\/en\/wines\/"},{"@type":"ListItem","position":3,"name":"La lev\u00e9e de Jean"}]},{"@type":"WebSite","@id":"https:\/\/domainelevejean.com\/en\/#website","url":"https:\/\/domainelevejean.com\/en\/","name":"Domaine L\u00e9v\u00e9jean","description":"Oenotourisme - Vins de c\u00e9pages Pays d&#039;Oc - Vins de c\u00e9pages Coteaux de B\u00e9ziers - Certifi\u00e9 HVE","potentialAction":[{"@type":"SearchAction","target":{"@type":"EntryPoint","urlTemplate":"https:\/\/domainelevejean.com\/en\/?s={search_term_string}"},"query-input":{"@type":"PropertyValueSpecification","valueRequired":true,"valueName":"search_term_string"}}],"inLanguage":"en-US"}]}},"_links":{"self":[{"href":"https:\/\/domainelevejean.com\/en\/wp-json\/wp\/v2\/pages\/525","targetHints":{"allow":["GET"]}}],"collection":[{"href":"https:\/\/domainelevejean.com\/en\/wp-json\/wp\/v2\/pages"}],"about":[{"href":"https:\/\/domainelevejean.com\/en\/wp-json\/wp\/v2\/types\/page"}],"author":[{"embeddable":true,"href":"https:\/\/domainelevejean.com\/en\/wp-json\/wp\/v2\/users\/5"}],"replies":[{"embeddable":true,"href":"https:\/\/domainelevejean.com\/en\/wp-json\/wp\/v2\/comments?post=525"}],"version-history":[{"count":17,"href":"https:\/\/domainelevejean.com\/en\/wp-json\/wp\/v2\/pages\/525\/revisions"}],"predecessor-version":[{"id":1427,"href":"https:\/\/domainelevejean.com\/en\/wp-json\/wp\/v2\/pages\/525\/revisions\/1427"}],"up":[{"embeddable":true,"href":"https:\/\/domainelevejean.com\/en\/wp-json\/wp\/v2\/pages\/473"}],"wp:attachment":[{"href":"https:\/\/domainelevejean.com\/en\/wp-json\/wp\/v2\/media?parent=525"}],"curies":[{"name":"wp","href":"https:\/\/api.w.org\/{rel}","templated":true}]}}