{"id":519,"date":"2023-04-15T14:48:14","date_gmt":"2023-04-15T12:48:14","guid":{"rendered":"https:\/\/domainelevejean.com\/wines\/jus-de-cailloux\/"},"modified":"2026-03-04T11:11:12","modified_gmt":"2026-03-04T10:11:12","slug":"jus-bulles-de-cailloux","status":"publish","type":"page","link":"https:\/\/domainelevejean.com\/en\/wines\/jus-bulles-de-cailloux\/","title":{"rendered":"Jus &amp; Bulles de cailloux"},"content":{"rendered":"<p>[et_pb_section fb_built=&#8221;1&#8243; fullwidth=&#8221;on&#8221; _builder_version=&#8221;4.20.4&#8243; _module_preset=&#8221;default&#8221; locked=&#8221;off&#8221; global_colors_info=&#8221;{}&#8221;][et_pb_fullwidth_header logo_image_url=&#8221;https:\/\/domainelevejean.com\/wp-content\/uploads\/2023\/04\/jus-de-cailloux-logo.png&#8221; _builder_version=&#8221;4.20.4&#8243; _module_preset=&#8221;368d5dc9-801d-4793-979e-809116867981&#8243; background_enable_image=&#8221;off&#8221; global_colors_info=&#8221;{}&#8221;][\/et_pb_fullwidth_header][\/et_pb_section][et_pb_section fb_built=&#8221;1&#8243; _builder_version=&#8221;4.20.4&#8243; _module_preset=&#8221;default&#8221; background_color=&#8221;rgba(90,31,44,0.05)&#8221; global_colors_info=&#8221;{}&#8221;][et_pb_row _builder_version=&#8221;4.20.4&#8243; _module_preset=&#8221;default&#8221; custom_padding=&#8221;0px||0px||true|false&#8221; global_colors_info=&#8221;{}&#8221;][et_pb_column type=&#8221;4_4&#8243; _builder_version=&#8221;4.20.4&#8243; _module_preset=&#8221;default&#8221; global_colors_info=&#8221;{}&#8221;][et_pb_text _builder_version=&#8221;4.20.4&#8243; _module_preset=&#8221;default&#8221; text_font=&#8221;||on||||||&#8221; text_font_size=&#8221;16px&#8221; text_orientation=&#8221;center&#8221; max_width=&#8221;800px&#8221; module_alignment=&#8221;center&#8221; global_colors_info=&#8221;{}&#8221;]<\/p>\n<p>Known for friendly and coziness, those of our wines or of the place, it finds itself in these bottles: simple, frank, light and cheerful.<\/p>\n<p>As children we picked them up, as adults we praise them.<\/p>\n<p>Those pebbles are the \u00ab salt \u00bb of our terroir.<\/p>\n<p>[\/et_pb_text][\/et_pb_column][\/et_pb_row][\/et_pb_section][et_pb_section fb_built=&#8221;1&#8243; _builder_version=&#8221;4.20.4&#8243; _module_preset=&#8221;default&#8221; global_colors_info=&#8221;{}&#8221;][et_pb_row column_structure=&#8221;1_3,2_3&#8243; make_equal=&#8221;on&#8221; _builder_version=&#8221;4.21.0&#8243; _module_preset=&#8221;default&#8221; global_colors_info=&#8221;{}&#8221;][et_pb_column type=&#8221;1_3&#8243; _builder_version=&#8221;4.20.4&#8243; _module_preset=&#8221;default&#8221; global_colors_info=&#8221;{}&#8221;][et_pb_image src=&#8221;https:\/\/domainelevejean.com\/wp-content\/uploads\/2023\/05\/jus-de-cailloux-blanc.jpg&#8221; alt=&#8221;Jus de cailloux &#8211; White&#8221; title_text=&#8221;jus-de-cailloux-viognier&#8221; _builder_version=&#8221;4.21.0&#8243; _module_preset=&#8221;81776600-9944-4d69-9f76-5b1e3171ff5c&#8221; global_colors_info=&#8221;{}&#8221;][\/et_pb_image][\/et_pb_column][et_pb_column type=&#8221;2_3&#8243; _builder_version=&#8221;4.20.4&#8243; _module_preset=&#8221;379ae2ad-c786-4501-a5d5-6191e4f0f260&#8243; global_colors_info=&#8221;{}&#8221;][et_pb_cta title=&#8221;Viognier&#8221; button_url=&#8221;@ET-DC@eyJkeW5hbWljIjp0cnVlLCJjb250ZW50IjoicG9zdF9saW5rX3VybF9hdHRhY2htZW50Iiwic2V0dGluZ3MiOnsicG9zdF9pZCI6IjEzOTUifX0=@&#8221; url_new_window=&#8221;on&#8221; button_text=&#8221;Technical sheet&#8221; _builder_version=&#8221;4.27.6&#8243; _dynamic_attributes=&#8221;button_url&#8221; _module_preset=&#8221;5f7d8003-bec9-4b2d-83c9-ef748ff556e9&#8243; hover_enabled=&#8221;0&#8243; global_colors_info=&#8221;{}&#8221; sticky_enabled=&#8221;0&#8243;]<\/p>\n<p>Appelation<br \/><strong>Vin de France, White<\/strong><\/p>\n<p>Grape varieties<br \/><strong>100% Viognier<\/strong><strong><\/strong><\/p>\n<p>Label<br \/><strong><abbr title=\"High Environmental Value\">HEV<\/abbr><\/strong><\/p>\n<p>Terroir and culture<br \/><strong>Clay-limestone terraces with a northern exposure for slow maturation.<\/strong><\/p>\n<p>Vinification<br \/><strong>Night harvest, reception of the grapes in our semi-buried cellar, <\/strong><strong>draining, fermentation in concrete tanks at low controlled<\/strong> <strong>temperature. Ageing in stainless steel vats for 3 months, stirring of the lees for 6 <\/strong><strong>weeks.<\/strong><\/p>\n<p>Tasting notes<br \/><strong>Wine withe a beautiful pale-yellow color with some green reflexion. Opens on a nose <\/strong><strong>with white peaches and Williams pears&#8217; aromas. In the mouth, the wine is <\/strong><strong>creamy, with flavors of white fruits, long persistence in the mouth<\/strong><strong>on a slightly iodized finish.<\/strong><\/p>\n<p>Recommended serving temperature<br \/><strong>Between 8\u00b0 and 10\u00b0 C; Wine to be consumed from present and within two years<\/strong><\/p>\n<p>Food and wine pairings<br \/><strong>Exotic dishes, fresh goat cheese, tart fruit tartlets<\/strong><\/p>\n<p>Alcohol<br \/><strong>13% alc.\/vol<\/strong><\/p>\n<p>[\/et_pb_cta][\/et_pb_column][\/et_pb_row][\/et_pb_section][et_pb_section fb_built=&#8221;1&#8243; _builder_version=&#8221;4.20.4&#8243; _module_preset=&#8221;default&#8221; global_colors_info=&#8221;{}&#8221;][et_pb_row column_structure=&#8221;1_3,2_3&#8243; make_equal=&#8221;on&#8221; _builder_version=&#8221;4.21.0&#8243; _module_preset=&#8221;default&#8221; global_colors_info=&#8221;{}&#8221;][et_pb_column type=&#8221;1_3&#8243; _builder_version=&#8221;4.20.4&#8243; _module_preset=&#8221;default&#8221; global_colors_info=&#8221;{}&#8221;][et_pb_image src=&#8221;https:\/\/domainelevejean.com\/wp-content\/uploads\/2023\/05\/jus-de-cailloux-rose.jpg&#8221; alt=&#8221;Jus de cailloux &#8211; Ros\u00e9&#8221; title_text=&#8221;jus-de-cailloux-grenache-cinsault&#8221; _builder_version=&#8221;4.21.0&#8243; _module_preset=&#8221;81776600-9944-4d69-9f76-5b1e3171ff5c&#8221; global_colors_info=&#8221;{}&#8221;][\/et_pb_image][\/et_pb_column][et_pb_column type=&#8221;2_3&#8243; _builder_version=&#8221;4.20.4&#8243; _module_preset=&#8221;379ae2ad-c786-4501-a5d5-6191e4f0f260&#8243; global_colors_info=&#8221;{}&#8221;][et_pb_cta title=&#8221;Grenache Cinsault&#8221; button_url=&#8221;@ET-DC@eyJkeW5hbWljIjp0cnVlLCJjb250ZW50IjoicG9zdF9saW5rX3VybF9hdHRhY2htZW50Iiwic2V0dGluZ3MiOnsicG9zdF9pZCI6IjEzOTEifX0=@&#8221; url_new_window=&#8221;on&#8221; button_text=&#8221;Technical sheet&#8221; _builder_version=&#8221;4.27.6&#8243; _dynamic_attributes=&#8221;button_url&#8221; _module_preset=&#8221;5f7d8003-bec9-4b2d-83c9-ef748ff556e9&#8243; hover_enabled=&#8221;0&#8243; global_colors_info=&#8221;{}&#8221; sticky_enabled=&#8221;0&#8243;]<\/p>\n<p>Appelation<br \/><strong>Vin de France, Ros\u00e9<\/strong><\/p>\n<p>Grape varieties<br \/><strong>75% Grenache, 25% Cinsault<\/strong><strong><\/strong><\/p>\n<p>Label<br \/><strong><abbr title=\"High Environmental Value\">HEV<\/abbr><\/strong><\/p>\n<p>Terroir and culture<br \/><strong>Cinsault on the clay-limestone terraces for its finesse and remarkable fruit; Grenache on the rolled pebbles of the former Orb river bed for its generosity and structure.<\/strong><strong><abbr title=\"High Environmental Value\"><\/abbr><\/strong><\/p>\n<p>Vinification<br \/><strong>Harvesting at night, reception of the grapes in our semi-buried cellar,<br \/>draining, maceration on lees for the Grenache, fermentation in concrete tanks at low temperature. Ageing in stainless steel vats for 3 months, stirring on lees for 6 weeks.<\/strong><\/p>\n<p>Tasting notes<br \/><strong>Pretty pink peach colour, discreet nose of small red fruits, roundness and richness in the mouth with its aroma of harlequin candy with a fresh finish.<\/strong><\/p>\n<p>Recommended serving temperature<br \/><strong>Between 10\u00b0 and 12\u00b0 C; Wine to be consumed in the year<\/strong><\/p>\n<p>Food and wine pairings<br \/><strong>Summer salad, ham and melon, tapas<\/strong><\/p>\n<p>Alcohol<br \/><strong>13% alc.\/vol<\/strong><\/p>\n<p>[\/et_pb_cta][\/et_pb_column][\/et_pb_row][\/et_pb_section][et_pb_section fb_built=&#8221;1&#8243; _builder_version=&#8221;4.20.4&#8243; _module_preset=&#8221;default&#8221; global_colors_info=&#8221;{}&#8221;][et_pb_row column_structure=&#8221;1_3,2_3&#8243; make_equal=&#8221;on&#8221; _builder_version=&#8221;4.21.0&#8243; _module_preset=&#8221;default&#8221; global_colors_info=&#8221;{}&#8221;][et_pb_column type=&#8221;1_3&#8243; _builder_version=&#8221;4.20.4&#8243; _module_preset=&#8221;default&#8221; global_colors_info=&#8221;{}&#8221;][et_pb_image src=&#8221;https:\/\/domainelevejean.com\/wp-content\/uploads\/2023\/10\/jus-de-cailloux-rouge.png&#8221; alt=&#8221;Jus de cailloux &#8211; Red&#8221; title_text=&#8221;jus-de-cailloux-rouge&#8221; _builder_version=&#8221;4.22.2&#8243; _module_preset=&#8221;81776600-9944-4d69-9f76-5b1e3171ff5c&#8221; global_colors_info=&#8221;{}&#8221;][\/et_pb_image][\/et_pb_column][et_pb_column type=&#8221;2_3&#8243; _builder_version=&#8221;4.20.4&#8243; _module_preset=&#8221;379ae2ad-c786-4501-a5d5-6191e4f0f260&#8243; global_colors_info=&#8221;{}&#8221;][et_pb_cta title=&#8221;Syrah Cabernet-Sauvignon&#8221; button_url=&#8221;@ET-DC@eyJkeW5hbWljIjp0cnVlLCJjb250ZW50IjoicG9zdF9saW5rX3VybF9hdHRhY2htZW50Iiwic2V0dGluZ3MiOnsicG9zdF9pZCI6IjEzOTMifX0=@&#8221; url_new_window=&#8221;on&#8221; button_text=&#8221;Technical sheet&#8221; _builder_version=&#8221;4.27.6&#8243; _dynamic_attributes=&#8221;button_url&#8221; _module_preset=&#8221;5f7d8003-bec9-4b2d-83c9-ef748ff556e9&#8243; hover_enabled=&#8221;0&#8243; global_colors_info=&#8221;{}&#8221; sticky_enabled=&#8221;0&#8243;]<\/p>\n<p>Appelation<br \/><strong>Vin de France, Red<\/strong><\/p>\n<p>Grape varieties<br \/><strong>60% Syrah, 40% Cabernet-Sauvignon<\/strong><strong><\/strong><\/p>\n<p>Label<br \/><strong><abbr title=\"High Environmental Value\">HEV<\/abbr><\/strong><\/p>\n<p>Terroir and culture<br \/><strong>Blend of two grape varieties and two terroirs: Syrah on clay-limestone terraces for its finesse and remarkable fruit; Cabernet-Sauvignon on the rolled pebbles of the old bed of the Orb river for its delicacy and its structure.<\/strong><strong><abbr title=\"High Environmental Value\"><\/abbr><\/strong><\/p>\n<p>Vinification<br \/><strong>Harvest at night, reception of the grapes in our semi-buried cellar, cold pre-fermentation maceration, fermentation in stainless steel tanks under controlled temperature, daily shedding. Ageing in stainless steel tanks for 3 months.<\/strong><\/p>\n<p>Tasting notes<br \/><strong>A wine with purple-red colour. A slightly peppery bouquet or ripe fruit. <\/strong><strong>Round wine balanced by just the right freshness. A gourmet wine with melted tannins.<\/strong><\/p>\n<p>Recommended serving temperature<br \/><strong>Between 14\u00b0 and 18\u00b0 C; Wine to drink from now and to the next two years<\/strong><\/p>\n<p>Food and wine pairings<br \/><strong>Grilled beef ribs, charcuterie, Cont\u00e9 cheese, chocolate cake<\/strong><\/p>\n<p>Alcohol<br \/><strong>13% alc.\/vol<\/strong><\/p>\n<p>[\/et_pb_cta][\/et_pb_column][\/et_pb_row][\/et_pb_section][et_pb_section fb_built=&#8221;1&#8243; _builder_version=&#8221;4.20.4&#8243; _module_preset=&#8221;default&#8221; global_colors_info=&#8221;{}&#8221;][et_pb_row column_structure=&#8221;1_3,2_3&#8243; make_equal=&#8221;on&#8221; _builder_version=&#8221;4.21.0&#8243; _module_preset=&#8221;default&#8221; global_colors_info=&#8221;{}&#8221;][et_pb_column type=&#8221;1_3&#8243; _builder_version=&#8221;4.20.4&#8243; _module_preset=&#8221;default&#8221; global_colors_info=&#8221;{}&#8221;][et_pb_image src=&#8221;https:\/\/domainelevejean.com\/wp-content\/uploads\/2026\/03\/sauvignon.png&#8221; alt=&#8221;Jus de cailloux &#8211; Red&#8221; title_text=&#8221;sauvignon&#8221; _builder_version=&#8221;4.27.6&#8243; _module_preset=&#8221;81776600-9944-4d69-9f76-5b1e3171ff5c&#8221; global_colors_info=&#8221;{}&#8221;][\/et_pb_image][\/et_pb_column][et_pb_column type=&#8221;2_3&#8243; _builder_version=&#8221;4.20.4&#8243; _module_preset=&#8221;379ae2ad-c786-4501-a5d5-6191e4f0f260&#8243; global_colors_info=&#8221;{}&#8221;][et_pb_cta title=&#8221;Sauvignon&#8221; button_url=&#8221;@ET-DC@eyJkeW5hbWljIjp0cnVlLCJjb250ZW50IjoicG9zdF9saW5rX3VybF9hdHRhY2htZW50Iiwic2V0dGluZ3MiOnsicG9zdF9pZCI6IjE0MDMifX0=@&#8221; url_new_window=&#8221;on&#8221; button_text=&#8221;Technical sheet&#8221; _builder_version=&#8221;4.27.6&#8243; _dynamic_attributes=&#8221;button_url&#8221; _module_preset=&#8221;5f7d8003-bec9-4b2d-83c9-ef748ff556e9&#8243; hover_enabled=&#8221;0&#8243; global_colors_info=&#8221;{}&#8221; sticky_enabled=&#8221;0&#8243;]<\/p>\n<p>Appelation<br \/><strong>Vin de France, White<\/strong><\/p>\n<p>Grape varieties<br \/><strong>100% Sauvignon<\/strong><strong><\/strong><\/p>\n<p>Label<br \/><strong><abbr title=\"High Environmental Value\">HEV<\/abbr><\/strong><\/p>\n<p>Terroir and culture<br \/><strong>Clay-limestone terraces with a northern exposure for slow maturation.<\/strong><strong><abbr title=\"High Environmental Value\"><\/abbr><\/strong><\/p>\n<p>Vinification<br \/><strong>Night harvest, reception of the grapes in our semi-buried cellar, draining, fermentation in concrete tanks at low controlled\u00a0temperature. Ageing in stainless steel vats for 3 months, stirring of the lees for 6 weeks.<\/strong><\/p>\n<p>Tasting notes<br \/><strong><span class=\"a_GcMg font-feature-liga-off font-feature-clig-off font-feature-calt-off text-decoration-none text-strikethrough-none\" style=\"color: rgba(0,0,0,var(--o42jjq,1)); caret-color: #000000; --ys-xuq: none; font-style: normal; font-kerning: none;\">A wine of a beautiful pale green color. It opens with a very floral nose. On the palate, the wine is lively and reveals aromas of citrus.<\/span><\/strong><\/p>\n<p>Recommended serving temperature<br \/><strong>Between 8\u00b0 and 10\u00b0 C; Wine to drink from now and to the next two years<\/strong><\/p>\n<p>Food and wine pairings<br \/><strong><span class=\"a_GcMg font-feature-liga-off font-feature-clig-off font-feature-calt-off text-decoration-none text-strikethrough-none\" style=\"color: rgba(0,0,0,var(--o42jjq,1)); caret-color: #000000; --ys-xuq: none; font-style: normal; font-kerning: none;\">Fine charcuterie, seafood, asparagus stew<\/span><\/strong><\/p>\n<p>Alcohol<br \/><strong>12,5% alc.\/vol<\/strong><\/p>\n<p>[\/et_pb_cta][\/et_pb_column][\/et_pb_row][\/et_pb_section][et_pb_section fb_built=&#8221;1&#8243; fullwidth=&#8221;on&#8221; module_id=&#8221;bulles&#8221; _builder_version=&#8221;4.21.0&#8243; _module_preset=&#8221;default&#8221; locked=&#8221;off&#8221; global_colors_info=&#8221;{}&#8221;][et_pb_fullwidth_header logo_image_url=&#8221;https:\/\/domainelevejean.com\/wp-content\/uploads\/2023\/04\/bulles-de-cailloux-logo.png&#8221; _builder_version=&#8221;4.20.4&#8243; _module_preset=&#8221;368d5dc9-801d-4793-979e-809116867981&#8243; background_color=&#8221;#f08697&#8243; background_enable_image=&#8221;off&#8221; global_colors_info=&#8221;{}&#8221;][\/et_pb_fullwidth_header][\/et_pb_section][et_pb_section fb_built=&#8221;1&#8243; _builder_version=&#8221;4.20.4&#8243; _module_preset=&#8221;default&#8221; locked=&#8221;off&#8221; global_colors_info=&#8221;{}&#8221;][et_pb_row column_structure=&#8221;1_4,3_4&#8243; make_equal=&#8221;on&#8221; _builder_version=&#8221;4.21.0&#8243; _module_preset=&#8221;default&#8221; global_colors_info=&#8221;{}&#8221;][et_pb_column type=&#8221;1_4&#8243; _builder_version=&#8221;4.20.4&#8243; _module_preset=&#8221;default&#8221; global_colors_info=&#8221;{}&#8221;][et_pb_image src=&#8221;https:\/\/domainelevejean.com\/wp-content\/uploads\/2023\/04\/bulle-de-cailloux-rose-petillant.png&#8221; title_text=&#8221;bulle-de-cailloux-sparkling-rose&#8221; _builder_version=&#8221;4.21.0&#8243; _module_preset=&#8221;default&#8221; scroll_vertical_motion_enable=&#8221;on&#8221; scroll_vertical_motion=&#8221;0|50|50|100|4|0|-1&#8243; motion_trigger_start=&#8221;top&#8221; global_colors_info=&#8221;{}&#8221;][\/et_pb_image][\/et_pb_column][et_pb_column type=&#8221;3_4&#8243; _builder_version=&#8221;4.20.4&#8243; _module_preset=&#8221;379ae2ad-c786-4501-a5d5-6191e4f0f260&#8243; global_colors_info=&#8221;{}&#8221;][et_pb_cta title=&#8221;Sparkling ros\u00e9&#8221; button_url=&#8221;@ET-DC@eyJkeW5hbWljIjp0cnVlLCJjb250ZW50IjoicG9zdF9saW5rX3VybF9hdHRhY2htZW50Iiwic2V0dGluZ3MiOnsicG9zdF9pZCI6IjExNDYifX0=@&#8221; url_new_window=&#8221;on&#8221; button_text=&#8221;Technical sheet&#8221; _builder_version=&#8221;4.24.0&#8243; _dynamic_attributes=&#8221;button_url&#8221; _module_preset=&#8221;5f7d8003-bec9-4b2d-83c9-ef748ff556e9&#8243; header_level=&#8221;h1&#8243; header_font_size_tablet=&#8221;&#8221; header_font_size_phone=&#8221;&#8221; header_font_size_last_edited=&#8221;on|desktop&#8221; global_colors_info=&#8221;{}&#8221;]<\/p>\n<p>Appelation<br \/><strong>IGP Pays d&#8217;OC, Ros\u00e9<\/strong><\/p>\n<p>Grape varieties<br \/><strong>100% Syrah<\/strong><strong><\/strong><\/p>\n<p>Label<br \/><strong><abbr title=\"High Environmental Value\">HEV<\/abbr><\/strong><strong><\/strong><\/p>\n<p>Terroir and culture<strong><br \/><abbr title=\"High Environmental Value\">Clay-limestone terraces with a northern exposure<br \/><\/abbr><\/strong><\/p>\n<p>Vinification<br \/><strong>Night harvest, reception of the grapes in our semi-buried cellar,<\/strong><strong>pre-fermentation cold maceration, fermentation in stainless steel tanks under<\/strong> <strong>controlled temperature, daily racking. Ageing in stainless steel tanks for 3 months<\/strong><strong><\/strong><\/p>\n<p>Tasting notes<strong><br \/><abbr title=\"High Environmental Value\">Beautiful pale pink color. Delicious red berries, beautiful freshness supported by fine bubbles<br \/><\/abbr><\/strong><\/p>\n<p>Recommended serving temperature<strong><br \/><abbr title=\"High Environmental Value\">Between 8\u00b0 and 10\u00b0C; Wine to be consumed in the year<br \/><\/abbr><\/strong><\/p>\n<p>Food and wine pairings<strong><br \/><abbr title=\"High Environmental Value\">Appetizers, cocktail, fruit salads, fruit pies<br \/><\/abbr><\/strong><\/p>\n<p>Alcohol<br \/><strong>12.5% alc.\/vol<\/strong><\/p>\n<p>[\/et_pb_cta][\/et_pb_column][\/et_pb_row][\/et_pb_section]<\/p>\n","protected":false},"excerpt":{"rendered":"<p>Known for friendly and coziness, those of our wines or of the place, it finds itself in these bottles: simple, frank, light and cheerful. As children we picked them up, as adults we praise them. Those pebbles are the \u00ab salt \u00bb of our terroir.AppelationVin de France, White Grape varieties100% Viognier LabelHEV Terroir and cultureClay-limestone [&hellip;]<\/p>\n","protected":false},"author":5,"featured_media":0,"parent":473,"menu_order":0,"comment_status":"closed","ping_status":"closed","template":"","meta":{"_et_pb_use_builder":"on","_et_pb_old_content":"","_et_gb_content_width":"","inline_featured_image":false,"footnotes":""},"class_list":["post-519","page","type-page","status-publish","hentry"],"yoast_head":"<!-- This site is optimized with the Yoast SEO plugin v27.1.1 - https:\/\/yoast.com\/product\/yoast-seo-wordpress\/ -->\n<title>Jus &amp; Bulles de cailloux - Range of wines - Domaine L\u00e9v\u00e9jean<\/title>\n<meta name=\"robots\" content=\"index, follow, max-snippet:-1, max-image-preview:large, max-video-preview:-1\" \/>\n<link rel=\"canonical\" href=\"https:\/\/domainelevejean.com\/en\/wines\/jus-bulles-de-cailloux\/\" \/>\n<meta property=\"og:locale\" content=\"en_US\" \/>\n<meta property=\"og:type\" content=\"article\" \/>\n<meta property=\"og:title\" content=\"Jus &amp; Bulles de cailloux - Range of wines - Domaine L\u00e9v\u00e9jean\" \/>\n<meta property=\"og:description\" content=\"Known for friendly and coziness, those of our wines or of the place, it finds itself in these bottles: simple, frank, light and cheerful. As children we picked them up, as adults we praise them. Those pebbles are the \u00ab salt \u00bb of our terroir.AppelationVin de France, White Grape varieties100% Viognier LabelHEV Terroir and cultureClay-limestone [&hellip;]\" \/>\n<meta property=\"og:url\" content=\"https:\/\/domainelevejean.com\/en\/wines\/jus-bulles-de-cailloux\/\" \/>\n<meta property=\"og:site_name\" content=\"Domaine L\u00e9v\u00e9jean\" \/>\n<meta property=\"article:publisher\" content=\"https:\/\/www.facebook.com\/domainelevejean\/\" \/>\n<meta property=\"article:modified_time\" content=\"2026-03-04T10:11:12+00:00\" \/>\n<meta name=\"twitter:card\" content=\"summary_large_image\" \/>\n<meta name=\"twitter:label1\" content=\"Est. reading time\" \/>\n\t<meta name=\"twitter:data1\" content=\"9 minutes\" \/>\n<script type=\"application\/ld+json\" class=\"yoast-schema-graph\">{\"@context\":\"https:\/\/schema.org\",\"@graph\":[{\"@type\":\"WebPage\",\"@id\":\"https:\/\/domainelevejean.com\/en\/wines\/jus-bulles-de-cailloux\/\",\"url\":\"https:\/\/domainelevejean.com\/en\/wines\/jus-bulles-de-cailloux\/\",\"name\":\"Jus &amp; Bulles de cailloux - Range of wines - Domaine L\u00e9v\u00e9jean\",\"isPartOf\":{\"@id\":\"https:\/\/domainelevejean.com\/en\/#website\"},\"datePublished\":\"2023-04-15T12:48:14+00:00\",\"dateModified\":\"2026-03-04T10:11:12+00:00\",\"breadcrumb\":{\"@id\":\"https:\/\/domainelevejean.com\/en\/wines\/jus-bulles-de-cailloux\/#breadcrumb\"},\"inLanguage\":\"en-US\",\"potentialAction\":[{\"@type\":\"ReadAction\",\"target\":[\"https:\/\/domainelevejean.com\/en\/wines\/jus-bulles-de-cailloux\/\"]}]},{\"@type\":\"BreadcrumbList\",\"@id\":\"https:\/\/domainelevejean.com\/en\/wines\/jus-bulles-de-cailloux\/#breadcrumb\",\"itemListElement\":[{\"@type\":\"ListItem\",\"position\":1,\"name\":\"Accueil\",\"item\":\"https:\/\/domainelevejean.com\/en\/\"},{\"@type\":\"ListItem\",\"position\":2,\"name\":\"Wines\",\"item\":\"https:\/\/domainelevejean.com\/en\/wines\/\"},{\"@type\":\"ListItem\",\"position\":3,\"name\":\"Jus &amp; Bulles de cailloux\"}]},{\"@type\":\"WebSite\",\"@id\":\"https:\/\/domainelevejean.com\/en\/#website\",\"url\":\"https:\/\/domainelevejean.com\/en\/\",\"name\":\"Domaine L\u00e9v\u00e9jean\",\"description\":\"Oenotourisme - Vins de c\u00e9pages Pays d&#039;Oc - Vins de c\u00e9pages Coteaux de B\u00e9ziers - Certifi\u00e9 HVE\",\"potentialAction\":[{\"@type\":\"SearchAction\",\"target\":{\"@type\":\"EntryPoint\",\"urlTemplate\":\"https:\/\/domainelevejean.com\/en\/?s={search_term_string}\"},\"query-input\":{\"@type\":\"PropertyValueSpecification\",\"valueRequired\":true,\"valueName\":\"search_term_string\"}}],\"inLanguage\":\"en-US\"}]}<\/script>\n<!-- \/ Yoast SEO plugin. -->","yoast_head_json":{"title":"Jus &amp; Bulles de cailloux - Range of wines - Domaine L\u00e9v\u00e9jean","robots":{"index":"index","follow":"follow","max-snippet":"max-snippet:-1","max-image-preview":"max-image-preview:large","max-video-preview":"max-video-preview:-1"},"canonical":"https:\/\/domainelevejean.com\/en\/wines\/jus-bulles-de-cailloux\/","og_locale":"en_US","og_type":"article","og_title":"Jus &amp; Bulles de cailloux - Range of wines - Domaine L\u00e9v\u00e9jean","og_description":"Known for friendly and coziness, those of our wines or of the place, it finds itself in these bottles: simple, frank, light and cheerful. As children we picked them up, as adults we praise them. Those pebbles are the \u00ab salt \u00bb of our terroir.AppelationVin de France, White Grape varieties100% Viognier LabelHEV Terroir and cultureClay-limestone [&hellip;]","og_url":"https:\/\/domainelevejean.com\/en\/wines\/jus-bulles-de-cailloux\/","og_site_name":"Domaine L\u00e9v\u00e9jean","article_publisher":"https:\/\/www.facebook.com\/domainelevejean\/","article_modified_time":"2026-03-04T10:11:12+00:00","twitter_card":"summary_large_image","twitter_misc":{"Est. reading time":"9 minutes"},"schema":{"@context":"https:\/\/schema.org","@graph":[{"@type":"WebPage","@id":"https:\/\/domainelevejean.com\/en\/wines\/jus-bulles-de-cailloux\/","url":"https:\/\/domainelevejean.com\/en\/wines\/jus-bulles-de-cailloux\/","name":"Jus &amp; Bulles de cailloux - Range of wines - Domaine L\u00e9v\u00e9jean","isPartOf":{"@id":"https:\/\/domainelevejean.com\/en\/#website"},"datePublished":"2023-04-15T12:48:14+00:00","dateModified":"2026-03-04T10:11:12+00:00","breadcrumb":{"@id":"https:\/\/domainelevejean.com\/en\/wines\/jus-bulles-de-cailloux\/#breadcrumb"},"inLanguage":"en-US","potentialAction":[{"@type":"ReadAction","target":["https:\/\/domainelevejean.com\/en\/wines\/jus-bulles-de-cailloux\/"]}]},{"@type":"BreadcrumbList","@id":"https:\/\/domainelevejean.com\/en\/wines\/jus-bulles-de-cailloux\/#breadcrumb","itemListElement":[{"@type":"ListItem","position":1,"name":"Accueil","item":"https:\/\/domainelevejean.com\/en\/"},{"@type":"ListItem","position":2,"name":"Wines","item":"https:\/\/domainelevejean.com\/en\/wines\/"},{"@type":"ListItem","position":3,"name":"Jus &amp; Bulles de cailloux"}]},{"@type":"WebSite","@id":"https:\/\/domainelevejean.com\/en\/#website","url":"https:\/\/domainelevejean.com\/en\/","name":"Domaine L\u00e9v\u00e9jean","description":"Oenotourisme - Vins de c\u00e9pages Pays d&#039;Oc - Vins de c\u00e9pages Coteaux de B\u00e9ziers - Certifi\u00e9 HVE","potentialAction":[{"@type":"SearchAction","target":{"@type":"EntryPoint","urlTemplate":"https:\/\/domainelevejean.com\/en\/?s={search_term_string}"},"query-input":{"@type":"PropertyValueSpecification","valueRequired":true,"valueName":"search_term_string"}}],"inLanguage":"en-US"}]}},"_links":{"self":[{"href":"https:\/\/domainelevejean.com\/en\/wp-json\/wp\/v2\/pages\/519","targetHints":{"allow":["GET"]}}],"collection":[{"href":"https:\/\/domainelevejean.com\/en\/wp-json\/wp\/v2\/pages"}],"about":[{"href":"https:\/\/domainelevejean.com\/en\/wp-json\/wp\/v2\/types\/page"}],"author":[{"embeddable":true,"href":"https:\/\/domainelevejean.com\/en\/wp-json\/wp\/v2\/users\/5"}],"replies":[{"embeddable":true,"href":"https:\/\/domainelevejean.com\/en\/wp-json\/wp\/v2\/comments?post=519"}],"version-history":[{"count":44,"href":"https:\/\/domainelevejean.com\/en\/wp-json\/wp\/v2\/pages\/519\/revisions"}],"predecessor-version":[{"id":1406,"href":"https:\/\/domainelevejean.com\/en\/wp-json\/wp\/v2\/pages\/519\/revisions\/1406"}],"up":[{"embeddable":true,"href":"https:\/\/domainelevejean.com\/en\/wp-json\/wp\/v2\/pages\/473"}],"wp:attachment":[{"href":"https:\/\/domainelevejean.com\/en\/wp-json\/wp\/v2\/media?parent=519"}],"curies":[{"name":"wp","href":"https:\/\/api.w.org\/{rel}","templated":true}]}}