{"id":513,"date":"2023-05-04T09:42:42","date_gmt":"2023-05-04T07:42:42","guid":{"rendered":"https:\/\/domainelevejean.com\/wines\/asymetrie\/"},"modified":"2024-02-07T16:59:37","modified_gmt":"2024-02-07T15:59:37","slug":"asymetrie","status":"publish","type":"page","link":"https:\/\/domainelevejean.com\/en\/wines\/asymetrie\/","title":{"rendered":"Asym\u00e9trie"},"content":{"rendered":"<p>[et_pb_section fb_built=&#8221;1&#8243; fullwidth=&#8221;on&#8221; _builder_version=&#8221;4.20.4&#8243; _module_preset=&#8221;default&#8221; locked=&#8221;off&#8221; global_colors_info=&#8221;{}&#8221;][et_pb_fullwidth_header logo_image_url=&#8221;https:\/\/domainelevejean.com\/wp-content\/uploads\/2023\/05\/asymetrie-logo.png&#8221; logo_alt_text=&#8221;Asym\u00e9trie&#8221; _builder_version=&#8221;4.21.0&#8243; _module_preset=&#8221;368d5dc9-801d-4793-979e-809116867981&#8243; background_enable_image=&#8221;off&#8221; global_colors_info=&#8221;{}&#8221;][\/et_pb_fullwidth_header][\/et_pb_section][et_pb_section fb_built=&#8221;1&#8243; _builder_version=&#8221;4.20.4&#8243; _module_preset=&#8221;default&#8221; background_color=&#8221;rgba(90,31,44,0.05)&#8221; locked=&#8221;off&#8221; global_colors_info=&#8221;{}&#8221;][et_pb_row column_structure=&#8221;3_4,1_4&#8243; make_equal=&#8221;on&#8221; _builder_version=&#8221;4.21.0&#8243; _module_preset=&#8221;default&#8221; custom_padding=&#8221;0px||0px||true|false&#8221; global_colors_info=&#8221;{}&#8221;][et_pb_column type=&#8221;3_4&#8243; _builder_version=&#8221;4.21.0&#8243; _module_preset=&#8221;default&#8221; custom_css_main_element=&#8221;display: flex;||align-items: center;&#8221; global_colors_info=&#8221;{}&#8221;][et_pb_text _builder_version=&#8221;4.21.0&#8243; _module_preset=&#8221;default&#8221; text_font=&#8221;||on||||||&#8221; text_font_size=&#8221;16px&#8221; max_width=&#8221;800px&#8221; module_alignment=&#8221;center&#8221; global_colors_info=&#8221;{}&#8221;]<\/p>\n<p>We dug angles and curves in our vats when we build them and also in our certainties to offer you more fruit and lightness. Wine, naturally fresh and tense, then lightened in alcohol. Baptized \u00ab la redemande \u00bb ! (ask for it again)<\/p>\n<p>[\/et_pb_text][\/et_pb_column][et_pb_column type=&#8221;1_4&#8243; _builder_version=&#8221;4.20.4&#8243; _module_preset=&#8221;default&#8221; global_colors_info=&#8221;{}&#8221;][et_pb_image src=&#8221;https:\/\/domainelevejean.com\/wp-content\/uploads\/2023\/05\/allege-alcool-95.png&#8221; alt=&#8221;Low alcohol 9.5\u00b0&#8221; _builder_version=&#8221;4.21.0&#8243; _module_preset=&#8221;default&#8221; global_colors_info=&#8221;{}&#8221;][\/et_pb_image][\/et_pb_column][\/et_pb_row][\/et_pb_section][et_pb_section fb_built=&#8221;1&#8243; _builder_version=&#8221;4.20.4&#8243; _module_preset=&#8221;default&#8221; locked=&#8221;off&#8221; global_colors_info=&#8221;{}&#8221;][et_pb_row column_structure=&#8221;1_3,2_3&#8243; make_equal=&#8221;on&#8221; _builder_version=&#8221;4.21.0&#8243; _module_preset=&#8221;default&#8221; global_colors_info=&#8221;{}&#8221;][et_pb_column type=&#8221;1_3&#8243; _builder_version=&#8221;4.20.4&#8243; _module_preset=&#8221;default&#8221; global_colors_info=&#8221;{}&#8221;][et_pb_image src=&#8221;https:\/\/domainelevejean.com\/wp-content\/uploads\/2023\/05\/asymetrie-vin-blanc-domaine-levejean.jpg&#8221; alt=&#8221;Asym\u00e9trie &#8211; White&#8221; title_text=&#8221;asymetrie-white-wine-domaine-levejean&#8221; _builder_version=&#8221;4.21.0&#8243; _module_preset=&#8221;81776600-9944-4d69-9f76-5b1e3171ff5c&#8221; global_colors_info=&#8221;{}&#8221;][\/et_pb_image][\/et_pb_column][et_pb_column type=&#8221;2_3&#8243; _builder_version=&#8221;4.20.4&#8243; _module_preset=&#8221;379ae2ad-c786-4501-a5d5-6191e4f0f260&#8243; global_colors_info=&#8221;{}&#8221;][et_pb_cta title=&#8221;White &#8221; button_url=&#8221;@ET-DC@eyJkeW5hbWljIjp0cnVlLCJjb250ZW50IjoicG9zdF9saW5rX3VybF9hdHRhY2htZW50Iiwic2V0dGluZ3MiOnsicG9zdF9pZCI6IjExMjEifX0=@&#8221; url_new_window=&#8221;on&#8221; button_text=&#8221;Technical sheet&#8221; _builder_version=&#8221;4.24.0&#8243; _dynamic_attributes=&#8221;button_url&#8221; _module_preset=&#8221;5f7d8003-bec9-4b2d-83c9-ef748ff556e9&#8243; hover_enabled=&#8221;0&#8243; global_colors_info=&#8221;{}&#8221; sticky_enabled=&#8221;0&#8243;]<\/p>\n<p>Appelation<br \/><strong>IGP Pays d&#8217;Oc, White<\/strong><\/p>\n<p>Grape varieties<br \/><strong>Viognier &#8211; Colombard<\/strong><strong><\/strong><\/p>\n<p>Region <strong><br \/>France, Occitanie, north of B\u00e9ziers on the Orb river&#8217;s banks<\/strong><\/p>\n<p>Label<br \/><strong><abbr title=\"High Environmental Value\">HEV<\/abbr><\/strong><\/p>\n<p>Terroir and culture<br \/><strong>Blend of two grape varieties and two terroirs for one search for aromas and freshness: Viognier on the clay-limestone terraces with a northern exposure and the Colombard on the old bed of the Orb river, composed of rolled pebbles.<\/strong><\/p>\n<p>Vinification<br \/><strong>Harvest at night, reception of the grapes in our semi-buried cellar, draining, maceration on must deposit for the colombard, fermentation in concrete vats at low-temperature. Ageing in stainless steel vats for 3 months, stirring on lees for 6 weeks for the Viognier. Partial dealcoholization.<\/strong><\/p>\n<p>Tasting notes<br \/><strong>Straw yellow color, exotic nose (passion fruit) and floral. In the mouth, the attack <\/strong><strong>is supple and fruity with a acidulous finish.<\/strong><\/p>\n<p>Recommended serving temperature<br \/><strong>Between 8\u00b0 and 10\u00b0 C; Wine to be consumed in the year<\/strong><\/p>\n<p>Food and wine pairings<br \/><strong>Appetizers, summer salads, fruit salads<\/strong><\/p>\n<p>Alcohol<br \/><strong>9.5% alc.\/vol<\/strong><\/p>\n<p>[\/et_pb_cta][\/et_pb_column][\/et_pb_row][\/et_pb_section][et_pb_section fb_built=&#8221;1&#8243; _builder_version=&#8221;4.20.4&#8243; _module_preset=&#8221;default&#8221; locked=&#8221;off&#8221; global_colors_info=&#8221;{}&#8221;][et_pb_row column_structure=&#8221;1_3,2_3&#8243; make_equal=&#8221;on&#8221; _builder_version=&#8221;4.21.0&#8243; _module_preset=&#8221;default&#8221; global_colors_info=&#8221;{}&#8221;][et_pb_column type=&#8221;1_3&#8243; _builder_version=&#8221;4.20.4&#8243; _module_preset=&#8221;default&#8221; global_colors_info=&#8221;{}&#8221;][et_pb_image src=&#8221;https:\/\/domainelevejean.com\/wp-content\/uploads\/2023\/12\/asymetrie-allege-alcool-medaille.jpg&#8221; alt=&#8221;Asym\u00e9trie &#8211; Red&#8221; title_text=&#8221;asymetrie-allege-alcool-medaille&#8221; _builder_version=&#8221;4.23.1&#8243; _module_preset=&#8221;81776600-9944-4d69-9f76-5b1e3171ff5c&#8221; global_colors_info=&#8221;{}&#8221;][\/et_pb_image][\/et_pb_column][et_pb_column type=&#8221;2_3&#8243; _builder_version=&#8221;4.20.4&#8243; _module_preset=&#8221;379ae2ad-c786-4501-a5d5-6191e4f0f260&#8243; global_colors_info=&#8221;{}&#8221;][et_pb_cta title=&#8221;Red &#8221; button_url=&#8221;@ET-DC@eyJkeW5hbWljIjp0cnVlLCJjb250ZW50IjoicG9zdF9saW5rX3VybF9hdHRhY2htZW50Iiwic2V0dGluZ3MiOnsicG9zdF9pZCI6IjExMjMifX0=@&#8221; url_new_window=&#8221;on&#8221; button_text=&#8221;Technical sheet&#8221; _builder_version=&#8221;4.24.0&#8243; _dynamic_attributes=&#8221;button_url&#8221; _module_preset=&#8221;5f7d8003-bec9-4b2d-83c9-ef748ff556e9&#8243; hover_enabled=&#8221;0&#8243; global_colors_info=&#8221;{}&#8221; sticky_enabled=&#8221;0&#8243;]<\/p>\n<p>Appelation<br \/><strong>IGP Pays d&#8217;Oc, Red<\/strong><\/p>\n<p>Grape varieties<br \/><strong>60% Syrah &#8211; 40% Merlot<\/strong><strong><\/strong><\/p>\n<p>Region<strong><br \/><\/strong><strong>France, Occitanie, north of B\u00e9ziers on the Orb river&#8217;s banks.<\/strong><\/p>\n<p>Label<br \/><strong><abbr title=\"High Environmental Value\">HEV<\/abbr><\/strong><\/p>\n<p>Terroir and culture<br \/><strong>Terroir of the old clay-silty banks for their suppleness.<\/strong><\/p>\n<p>Vinification<br \/><strong>Harvest at night, reception of the grapes in our semi-buried cellar, cold pre-fermentation maceration, fermentation in stainless steel tanks under controlled temperature, daily shedding. Ageing in stainless steel tanks for 3 months. Partial dealcoholization.<\/strong><\/p>\n<p>Tasting notes<br \/><strong>Ruby red colour. A very gourmet nose of blackberries. In the mouth, aromas of redcurrant jelly. A balanced wine on the palate, aromas of gooseberry jelly with a fresh finish.<\/strong><\/p>\n<p>Recommended serving temperature<br \/><strong>Between 10\u00b0 and 12\u00b0 C; Wine to be consumed in the year<\/strong><\/p>\n<p>Food and wine pairings<br \/><strong>Appetizers, tapas, stuffed vegetables<\/strong><\/p>\n<p>Alcohol<br \/><strong>9.5% alc.\/vol<\/strong><\/p>\n<p>[\/et_pb_cta][\/et_pb_column][\/et_pb_row][\/et_pb_section]<\/p>\n","protected":false},"excerpt":{"rendered":"<p>We dug angles and curves in our vats when we build them and also in our certainties to offer you more fruit and lightness. Wine, naturally fresh and tense, then lightened in alcohol. Baptized \u00ab la redemande \u00bb ! (ask for it again)AppelationIGP Pays d&#8217;Oc, White Grape varietiesViognier &#8211; Colombard Region France, Occitanie, north of [&hellip;]<\/p>\n","protected":false},"author":5,"featured_media":0,"parent":473,"menu_order":0,"comment_status":"closed","ping_status":"closed","template":"","meta":{"_et_pb_use_builder":"on","_et_pb_old_content":"","_et_gb_content_width":"","inline_featured_image":false,"footnotes":""},"class_list":["post-513","page","type-page","status-publish","hentry"],"yoast_head":"<!-- This site is optimized with the Yoast SEO plugin v27.1.1 - https:\/\/yoast.com\/product\/yoast-seo-wordpress\/ -->\n<title>Asym\u00e9trie - Range of wines - Domaine L\u00e9v\u00e9jean<\/title>\n<meta name=\"robots\" content=\"index, follow, max-snippet:-1, max-image-preview:large, max-video-preview:-1\" \/>\n<link rel=\"canonical\" href=\"https:\/\/domainelevejean.com\/en\/wines\/asymetrie\/\" \/>\n<meta property=\"og:locale\" content=\"en_US\" \/>\n<meta property=\"og:type\" content=\"article\" \/>\n<meta property=\"og:title\" content=\"Asym\u00e9trie - Range of wines - Domaine L\u00e9v\u00e9jean\" \/>\n<meta property=\"og:description\" content=\"We dug angles and curves in our vats when we build them and also in our certainties to offer you more fruit and lightness. Wine, naturally fresh and tense, then lightened in alcohol. Baptized \u00ab la redemande \u00bb ! (ask for it again)AppelationIGP Pays d&#039;Oc, White Grape varietiesViognier - Colombard Region France, Occitanie, north of [&hellip;]\" \/>\n<meta property=\"og:url\" content=\"https:\/\/domainelevejean.com\/en\/wines\/asymetrie\/\" \/>\n<meta property=\"og:site_name\" content=\"Domaine L\u00e9v\u00e9jean\" \/>\n<meta property=\"article:publisher\" content=\"https:\/\/www.facebook.com\/domainelevejean\/\" \/>\n<meta property=\"article:modified_time\" content=\"2024-02-07T15:59:37+00:00\" \/>\n<meta name=\"twitter:card\" content=\"summary_large_image\" \/>\n<meta name=\"twitter:label1\" content=\"Est. reading time\" \/>\n\t<meta name=\"twitter:data1\" content=\"4 minutes\" \/>\n<script type=\"application\/ld+json\" class=\"yoast-schema-graph\">{\"@context\":\"https:\/\/schema.org\",\"@graph\":[{\"@type\":\"WebPage\",\"@id\":\"https:\/\/domainelevejean.com\/en\/wines\/asymetrie\/\",\"url\":\"https:\/\/domainelevejean.com\/en\/wines\/asymetrie\/\",\"name\":\"Asym\u00e9trie - Range of wines - Domaine L\u00e9v\u00e9jean\",\"isPartOf\":{\"@id\":\"https:\/\/domainelevejean.com\/en\/#website\"},\"datePublished\":\"2023-05-04T07:42:42+00:00\",\"dateModified\":\"2024-02-07T15:59:37+00:00\",\"breadcrumb\":{\"@id\":\"https:\/\/domainelevejean.com\/en\/wines\/asymetrie\/#breadcrumb\"},\"inLanguage\":\"en-US\",\"potentialAction\":[{\"@type\":\"ReadAction\",\"target\":[\"https:\/\/domainelevejean.com\/en\/wines\/asymetrie\/\"]}]},{\"@type\":\"BreadcrumbList\",\"@id\":\"https:\/\/domainelevejean.com\/en\/wines\/asymetrie\/#breadcrumb\",\"itemListElement\":[{\"@type\":\"ListItem\",\"position\":1,\"name\":\"Accueil\",\"item\":\"https:\/\/domainelevejean.com\/en\/\"},{\"@type\":\"ListItem\",\"position\":2,\"name\":\"Wines\",\"item\":\"https:\/\/domainelevejean.com\/en\/wines\/\"},{\"@type\":\"ListItem\",\"position\":3,\"name\":\"Asym\u00e9trie\"}]},{\"@type\":\"WebSite\",\"@id\":\"https:\/\/domainelevejean.com\/en\/#website\",\"url\":\"https:\/\/domainelevejean.com\/en\/\",\"name\":\"Domaine L\u00e9v\u00e9jean\",\"description\":\"Oenotourisme - Vins de c\u00e9pages Pays d&#039;Oc - Vins de c\u00e9pages Coteaux de B\u00e9ziers - Certifi\u00e9 HVE\",\"potentialAction\":[{\"@type\":\"SearchAction\",\"target\":{\"@type\":\"EntryPoint\",\"urlTemplate\":\"https:\/\/domainelevejean.com\/en\/?s={search_term_string}\"},\"query-input\":{\"@type\":\"PropertyValueSpecification\",\"valueRequired\":true,\"valueName\":\"search_term_string\"}}],\"inLanguage\":\"en-US\"}]}<\/script>\n<!-- \/ Yoast SEO plugin. -->","yoast_head_json":{"title":"Asym\u00e9trie - Range of wines - Domaine L\u00e9v\u00e9jean","robots":{"index":"index","follow":"follow","max-snippet":"max-snippet:-1","max-image-preview":"max-image-preview:large","max-video-preview":"max-video-preview:-1"},"canonical":"https:\/\/domainelevejean.com\/en\/wines\/asymetrie\/","og_locale":"en_US","og_type":"article","og_title":"Asym\u00e9trie - Range of wines - Domaine L\u00e9v\u00e9jean","og_description":"We dug angles and curves in our vats when we build them and also in our certainties to offer you more fruit and lightness. Wine, naturally fresh and tense, then lightened in alcohol. Baptized \u00ab la redemande \u00bb ! (ask for it again)AppelationIGP Pays d'Oc, White Grape varietiesViognier - Colombard Region France, Occitanie, north of [&hellip;]","og_url":"https:\/\/domainelevejean.com\/en\/wines\/asymetrie\/","og_site_name":"Domaine L\u00e9v\u00e9jean","article_publisher":"https:\/\/www.facebook.com\/domainelevejean\/","article_modified_time":"2024-02-07T15:59:37+00:00","twitter_card":"summary_large_image","twitter_misc":{"Est. reading time":"4 minutes"},"schema":{"@context":"https:\/\/schema.org","@graph":[{"@type":"WebPage","@id":"https:\/\/domainelevejean.com\/en\/wines\/asymetrie\/","url":"https:\/\/domainelevejean.com\/en\/wines\/asymetrie\/","name":"Asym\u00e9trie - Range of wines - Domaine L\u00e9v\u00e9jean","isPartOf":{"@id":"https:\/\/domainelevejean.com\/en\/#website"},"datePublished":"2023-05-04T07:42:42+00:00","dateModified":"2024-02-07T15:59:37+00:00","breadcrumb":{"@id":"https:\/\/domainelevejean.com\/en\/wines\/asymetrie\/#breadcrumb"},"inLanguage":"en-US","potentialAction":[{"@type":"ReadAction","target":["https:\/\/domainelevejean.com\/en\/wines\/asymetrie\/"]}]},{"@type":"BreadcrumbList","@id":"https:\/\/domainelevejean.com\/en\/wines\/asymetrie\/#breadcrumb","itemListElement":[{"@type":"ListItem","position":1,"name":"Accueil","item":"https:\/\/domainelevejean.com\/en\/"},{"@type":"ListItem","position":2,"name":"Wines","item":"https:\/\/domainelevejean.com\/en\/wines\/"},{"@type":"ListItem","position":3,"name":"Asym\u00e9trie"}]},{"@type":"WebSite","@id":"https:\/\/domainelevejean.com\/en\/#website","url":"https:\/\/domainelevejean.com\/en\/","name":"Domaine L\u00e9v\u00e9jean","description":"Oenotourisme - Vins de c\u00e9pages Pays d&#039;Oc - Vins de c\u00e9pages Coteaux de B\u00e9ziers - Certifi\u00e9 HVE","potentialAction":[{"@type":"SearchAction","target":{"@type":"EntryPoint","urlTemplate":"https:\/\/domainelevejean.com\/en\/?s={search_term_string}"},"query-input":{"@type":"PropertyValueSpecification","valueRequired":true,"valueName":"search_term_string"}}],"inLanguage":"en-US"}]}},"_links":{"self":[{"href":"https:\/\/domainelevejean.com\/en\/wp-json\/wp\/v2\/pages\/513","targetHints":{"allow":["GET"]}}],"collection":[{"href":"https:\/\/domainelevejean.com\/en\/wp-json\/wp\/v2\/pages"}],"about":[{"href":"https:\/\/domainelevejean.com\/en\/wp-json\/wp\/v2\/types\/page"}],"author":[{"embeddable":true,"href":"https:\/\/domainelevejean.com\/en\/wp-json\/wp\/v2\/users\/5"}],"replies":[{"embeddable":true,"href":"https:\/\/domainelevejean.com\/en\/wp-json\/wp\/v2\/comments?post=513"}],"version-history":[{"count":10,"href":"https:\/\/domainelevejean.com\/en\/wp-json\/wp\/v2\/pages\/513\/revisions"}],"predecessor-version":[{"id":1151,"href":"https:\/\/domainelevejean.com\/en\/wp-json\/wp\/v2\/pages\/513\/revisions\/1151"}],"up":[{"embeddable":true,"href":"https:\/\/domainelevejean.com\/en\/wp-json\/wp\/v2\/pages\/473"}],"wp:attachment":[{"href":"https:\/\/domainelevejean.com\/en\/wp-json\/wp\/v2\/media?parent=513"}],"curies":[{"name":"wp","href":"https:\/\/api.w.org\/{rel}","templated":true}]}}