{"id":501,"date":"2023-04-15T11:15:11","date_gmt":"2023-04-15T09:15:11","guid":{"rendered":"https:\/\/domainelevejean.com\/oenotourism\/"},"modified":"2025-05-15T17:33:40","modified_gmt":"2025-05-15T15:33:40","slug":"winetourism","status":"publish","type":"page","link":"https:\/\/domainelevejean.com\/en\/winetourism\/","title":{"rendered":"\u0152notourism"},"content":{"rendered":"<p>[et_pb_section fb_built=&#8221;1&#8243; fullwidth=&#8221;on&#8221; _builder_version=&#8221;4.20.4&#8243; _module_preset=&#8221;default&#8221; global_colors_info=&#8221;{}&#8221;][et_pb_fullwidth_header title=&#8221;\u0152notourism &#038; Events&#8221; _builder_version=&#8221;4.20.4&#8243; _module_preset=&#8221;368d5dc9-801d-4793-979e-809116867981&#8243; background_image=&#8221;https:\/\/domainelevejean.com\/wp-content\/uploads\/2023\/04\/oenotourisme-1.jpg&#8221; global_colors_info=&#8221;{}&#8221;][\/et_pb_fullwidth_header][\/et_pb_section][et_pb_section fb_built=&#8221;1&#8243; disabled_on=&#8221;off|off|off&#8221; module_id=&#8221;musicale&#8221; _builder_version=&#8221;4.20.4&#8243; _module_preset=&#8221;default&#8221; background_color=&#8221;rgba(90,31,44,0.05)&#8221; global_colors_info=&#8221;{}&#8221;][et_pb_row column_structure=&#8221;1_2,1_2&#8243; make_equal=&#8221;on&#8221; _builder_version=&#8221;4.20.4&#8243; _module_preset=&#8221;default&#8221; width=&#8221;100%&#8221; max_width=&#8221;100%&#8221; global_colors_info=&#8221;{}&#8221;][et_pb_column type=&#8221;1_2&#8243; _builder_version=&#8221;4.20.4&#8243; _module_preset=&#8221;default&#8221; global_colors_info=&#8221;{}&#8221;][et_pb_image src=&#8221;https:\/\/domainelevejean.com\/wp-content\/uploads\/2023\/05\/les-musicales-domaine-levejean.jpg&#8221; alt=&#8221;Festive evening at Domaine L\u00e9v\u00e9jean&#8221; _builder_version=&#8221;4.21.0&#8243; _module_preset=&#8221;d0a419ce-72e3-4444-8bd8-df28a008afec&#8221; global_colors_info=&#8221;{}&#8221;][\/et_pb_image][\/et_pb_column][et_pb_column type=&#8221;1_2&#8243; _builder_version=&#8221;4.20.4&#8243; _module_preset=&#8221;379ae2ad-c786-4501-a5d5-6191e4f0f260&#8243; global_colors_info=&#8221;{}&#8221;][et_pb_cta title=&#8221;Les Musicales de L\u00e9v\u00e9jean&#8221; button_url=&#8221;@ET-DC@eyJkeW5hbWljIjp0cnVlLCJjb250ZW50IjoicG9zdF9saW5rX3VybF9wYWdlIiwic2V0dGluZ3MiOnsicG9zdF9pZCI6IjE2MiJ9fQ==@&#8221; button_text=&#8221;Contact &#038; Info&#8221; _builder_version=&#8221;4.20.4&#8243; _dynamic_attributes=&#8221;button_url&#8221; _module_preset=&#8221;72a5cc2e-c1b4-4363-8194-48e1099c4035&#8243; global_colors_info=&#8221;{}&#8221;]<\/p>\n<p>See you in summer for our musical evenings with winetasting, food trucks, games for children and teenagers and free sunsets for all.<\/p>\n<p>Free admission, free private parking.<\/p>\n<p>[\/et_pb_cta][\/et_pb_column][\/et_pb_row][\/et_pb_section][et_pb_section fb_built=&#8221;1&#8243; disabled_on=&#8221;off|off|off&#8221; module_id=&#8221;tasting&#8221; _builder_version=&#8221;4.20.4&#8243; _module_preset=&#8221;default&#8221; global_colors_info=&#8221;{}&#8221;][et_pb_row column_structure=&#8221;1_2,1_2&#8243; _builder_version=&#8221;4.20.4&#8243; _module_preset=&#8221;a7bafcd7-f260-4193-93a0-edfb06b23855&#8243; global_colors_info=&#8221;{}&#8221;][et_pb_column type=&#8221;1_2&#8243; _builder_version=&#8221;4.20.4&#8243; _module_preset=&#8221;379ae2ad-c786-4501-a5d5-6191e4f0f260&#8243; global_colors_info=&#8221;{}&#8221;][et_pb_image src=&#8221;https:\/\/domainelevejean.com\/wp-content\/uploads\/2023\/05\/degustations-domaine-levejean.jpg&#8221; alt=&#8221;Wine tastings at Domaine L\u00e9v\u00e9jean&#8221; disabled_on=&#8221;off|off|on&#8221; _builder_version=&#8221;4.21.0&#8243; _module_preset=&#8221;d0a419ce-72e3-4444-8bd8-df28a008afec&#8221; global_colors_info=&#8221;{}&#8221;][\/et_pb_image][et_pb_cta title=&#8221;The L\u00e9v\u00e9jean summer tastings&#8221; button_url=&#8221;@ET-DC@eyJkeW5hbWljIjp0cnVlLCJjb250ZW50IjoicG9zdF9saW5rX3VybF9wYWdlIiwic2V0dGluZ3MiOnsicG9zdF9pZCI6IjE2MiJ9fQ==@&#8221; button_text=&#8221;Book&#8221; _builder_version=&#8221;4.21.0&#8243; _dynamic_attributes=&#8221;button_url&#8221; _module_preset=&#8221;8ad843a8-fa3f-41de-aed3-3b02135d5f98&#8243; global_colors_info=&#8221;{}&#8221;]<\/p>\n<p>\u00a0Every Wednesday evening during the summer, at 7:00 p.m.:Discovery tour of our cellar for adults and children, followed by a tasting of our local wines and appetizers.<\/p>\n<p>Duration: 1.5-2 hours<\/p>\n<p>\u20ac12\/adult, free for children<\/p>\n<p>Reservations required, minimum 10 people<\/p>\n<p>[\/et_pb_cta][\/et_pb_column][et_pb_column type=&#8221;1_2&#8243; _builder_version=&#8221;4.20.4&#8243; _module_preset=&#8221;default&#8221; global_colors_info=&#8221;{}&#8221;][et_pb_image src=&#8221;https:\/\/domainelevejean.com\/wp-content\/uploads\/2024\/01\/crtloccitanie-0024390-md-scaled-e1706008145627.jpg&#8221; alt=&#8221;Wine tastings at Domaine L\u00e9v\u00e9jean&#8221; title_text=&#8221;degustations-domaine-levejean&#8221; align=&#8221;left&#8221; disabled_on=&#8221;on|on|off&#8221; _builder_version=&#8221;4.24.0&#8243; _module_preset=&#8221;d0a419ce-72e3-4444-8bd8-df28a008afec&#8221; module_alignment=&#8221;left&#8221; global_colors_info=&#8221;{}&#8221;][\/et_pb_image][\/et_pb_column][\/et_pb_row][\/et_pb_section][et_pb_section fb_built=&#8221;1&#8243; disabled_on=&#8221;off|off|off&#8221; module_id=&#8221;seminar&#8221; _builder_version=&#8221;4.20.4&#8243; _module_preset=&#8221;default&#8221; background_color=&#8221;rgba(90,31,44,0.05)&#8221; global_colors_info=&#8221;{}&#8221;][et_pb_row column_structure=&#8221;1_2,1_2&#8243; _builder_version=&#8221;4.20.4&#8243; _module_preset=&#8221;a7bafcd7-f260-4193-93a0-edfb06b23855&#8243; global_colors_info=&#8221;{}&#8221;][et_pb_column type=&#8221;1_2&#8243; _builder_version=&#8221;4.20.4&#8243; _module_preset=&#8221;_initial&#8221; global_colors_info=&#8221;{}&#8221;][et_pb_image src=&#8221;https:\/\/domainelevejean.com\/wp-content\/uploads\/2023\/05\/salle-seminaire-domaine-levejean.jpg&#8221; alt=&#8221;Seminar room&#8221; _builder_version=&#8221;4.21.0&#8243; _module_preset=&#8221;d0a419ce-72e3-4444-8bd8-df28a008afec&#8221; global_colors_info=&#8221;{}&#8221;][\/et_pb_image][\/et_pb_column][et_pb_column type=&#8221;1_2&#8243; _builder_version=&#8221;4.20.4&#8243; _module_preset=&#8221;379ae2ad-c786-4501-a5d5-6191e4f0f260&#8243; global_colors_info=&#8221;{}&#8221;][et_pb_image src=&#8221;https:\/\/domainelevejean.com\/wp-content\/uploads\/\/groupes-pros-icon.svg&#8221; title_text=&#8221;groups pros icon&#8221; _builder_version=&#8221;4.20.4&#8243; _module_preset=&#8221;default&#8221; width=&#8221;95px&#8221; max_width=&#8221;95px&#8221; custom_margin=&#8221;||3%||false|false&#8221; global_colors_info=&#8221;{}&#8221;][\/et_pb_image][et_pb_cta title=&#8221;Reception hall, seminar and workshops&#8221; button_url=&#8221;@ET-DC@eyJkeW5hbWljIjp0cnVlLCJjb250ZW50IjoicG9zdF9saW5rX3VybF9wYWdlIiwic2V0dGluZ3MiOnsicG9zdF9pZCI6IjE2MiJ9fQ==@&#8221; button_text=&#8221;Quote &#038; Questions&#8221; _builder_version=&#8221;4.20.4&#8243; _dynamic_attributes=&#8221;button_url&#8221; _module_preset=&#8221;72a5cc2e-c1b4-4363-8194-48e1099c4035&#8243; body_ul_font_size=&#8221;16px&#8221; global_colors_info=&#8221;{}&#8221;]<\/p>\n<p>For your professional meetings, we propose our meeting room of 70 m<sup>2<\/sup>, equipped and air-conditioned, shaded terrace, large parkinglot, catering and discovery workshops. And this only 10 minutes from B\u00e9ziers.<\/p>\n<ul>\n<li><a href=\"https:\/\/www.youtube.com\/watch?v=EuuBCpBWiJs\" target=\"_blank\" rel=\"noopener\">Watch on Youtube<\/a><\/li>\n<li><a href=\"https:\/\/domainelevejean.com\/wp-content\/uploads\/2023\/04\/location-salle-seminaires-domaine-levejean.pdf\" target=\"_blank\" rel=\"noopener\">Download the brochure<\/a><\/li>\n<\/ul>\n<p>Capacity: from 30 to 80 people depending on the configuration.<\/p>\n<p>[\/et_pb_cta][\/et_pb_column][\/et_pb_row][\/et_pb_section]<\/p>\n","protected":false},"excerpt":{"rendered":"<p>See you in summer for our musical evenings with winetasting, food trucks, games for children and teenagers and free sunsets for all. Free admission, free private parking.\u00a0Every Wednesday evening during the summer, at 7:00 p.m.:Discovery tour of our cellar for adults and children, followed by a tasting of our local wines and appetizers. Duration: 1.5-2 [&hellip;]<\/p>\n","protected":false},"author":5,"featured_media":0,"parent":0,"menu_order":0,"comment_status":"closed","ping_status":"closed","template":"","meta":{"_et_pb_use_builder":"on","_et_pb_old_content":"","_et_gb_content_width":"","inline_featured_image":false,"footnotes":""},"class_list":["post-501","page","type-page","status-publish","hentry"],"yoast_head":"<!-- This site is optimized with the Yoast SEO plugin v27.1.1 - https:\/\/yoast.com\/product\/yoast-seo-wordpress\/ -->\n<title>\u0152notourism, Reception hall &amp; Parties - Domaine L\u00e9v\u00e9jean<\/title>\n<meta name=\"robots\" content=\"index, follow, max-snippet:-1, max-image-preview:large, max-video-preview:-1\" \/>\n<link rel=\"canonical\" href=\"https:\/\/domainelevejean.com\/en\/winetourism\/\" \/>\n<meta property=\"og:locale\" content=\"en_US\" \/>\n<meta property=\"og:type\" content=\"article\" \/>\n<meta property=\"og:title\" content=\"\u0152notourism, Reception hall &amp; Parties - Domaine L\u00e9v\u00e9jean\" \/>\n<meta property=\"og:description\" content=\"See you in summer for our musical evenings with winetasting, food trucks, games for children and teenagers and free sunsets for all. Free admission, free private parking.\u00a0Every Wednesday evening during the summer, at 7:00 p.m.:Discovery tour of our cellar for adults and children, followed by a tasting of our local wines and appetizers. Duration: 1.5-2 [&hellip;]\" \/>\n<meta property=\"og:url\" content=\"https:\/\/domainelevejean.com\/en\/winetourism\/\" \/>\n<meta property=\"og:site_name\" content=\"Domaine L\u00e9v\u00e9jean\" \/>\n<meta property=\"article:publisher\" content=\"https:\/\/www.facebook.com\/domainelevejean\/\" \/>\n<meta property=\"article:modified_time\" content=\"2025-05-15T15:33:40+00:00\" \/>\n<meta name=\"twitter:card\" content=\"summary_large_image\" \/>\n<meta name=\"twitter:label1\" content=\"Est. reading time\" \/>\n\t<meta name=\"twitter:data1\" content=\"4 minutes\" \/>\n<script type=\"application\/ld+json\" class=\"yoast-schema-graph\">{\"@context\":\"https:\/\/schema.org\",\"@graph\":[{\"@type\":\"WebPage\",\"@id\":\"https:\/\/domainelevejean.com\/en\/winetourism\/\",\"url\":\"https:\/\/domainelevejean.com\/en\/winetourism\/\",\"name\":\"\u0152notourism, Reception hall & Parties - Domaine L\u00e9v\u00e9jean\",\"isPartOf\":{\"@id\":\"https:\/\/domainelevejean.com\/en\/#website\"},\"datePublished\":\"2023-04-15T09:15:11+00:00\",\"dateModified\":\"2025-05-15T15:33:40+00:00\",\"breadcrumb\":{\"@id\":\"https:\/\/domainelevejean.com\/en\/winetourism\/#breadcrumb\"},\"inLanguage\":\"en-US\",\"potentialAction\":[{\"@type\":\"ReadAction\",\"target\":[\"https:\/\/domainelevejean.com\/en\/winetourism\/\"]}]},{\"@type\":\"BreadcrumbList\",\"@id\":\"https:\/\/domainelevejean.com\/en\/winetourism\/#breadcrumb\",\"itemListElement\":[{\"@type\":\"ListItem\",\"position\":1,\"name\":\"Accueil\",\"item\":\"https:\/\/domainelevejean.com\/en\/\"},{\"@type\":\"ListItem\",\"position\":2,\"name\":\"\u0152notourism\"}]},{\"@type\":\"WebSite\",\"@id\":\"https:\/\/domainelevejean.com\/en\/#website\",\"url\":\"https:\/\/domainelevejean.com\/en\/\",\"name\":\"Domaine L\u00e9v\u00e9jean\",\"description\":\"Oenotourisme - Vins de c\u00e9pages Pays d&#039;Oc - Vins de c\u00e9pages Coteaux de B\u00e9ziers - Certifi\u00e9 HVE\",\"potentialAction\":[{\"@type\":\"SearchAction\",\"target\":{\"@type\":\"EntryPoint\",\"urlTemplate\":\"https:\/\/domainelevejean.com\/en\/?s={search_term_string}\"},\"query-input\":{\"@type\":\"PropertyValueSpecification\",\"valueRequired\":true,\"valueName\":\"search_term_string\"}}],\"inLanguage\":\"en-US\"}]}<\/script>\n<!-- \/ Yoast SEO plugin. -->","yoast_head_json":{"title":"\u0152notourism, Reception hall & Parties - Domaine L\u00e9v\u00e9jean","robots":{"index":"index","follow":"follow","max-snippet":"max-snippet:-1","max-image-preview":"max-image-preview:large","max-video-preview":"max-video-preview:-1"},"canonical":"https:\/\/domainelevejean.com\/en\/winetourism\/","og_locale":"en_US","og_type":"article","og_title":"\u0152notourism, Reception hall & Parties - Domaine L\u00e9v\u00e9jean","og_description":"See you in summer for our musical evenings with winetasting, food trucks, games for children and teenagers and free sunsets for all. Free admission, free private parking.\u00a0Every Wednesday evening during the summer, at 7:00 p.m.:Discovery tour of our cellar for adults and children, followed by a tasting of our local wines and appetizers. Duration: 1.5-2 [&hellip;]","og_url":"https:\/\/domainelevejean.com\/en\/winetourism\/","og_site_name":"Domaine L\u00e9v\u00e9jean","article_publisher":"https:\/\/www.facebook.com\/domainelevejean\/","article_modified_time":"2025-05-15T15:33:40+00:00","twitter_card":"summary_large_image","twitter_misc":{"Est. reading time":"4 minutes"},"schema":{"@context":"https:\/\/schema.org","@graph":[{"@type":"WebPage","@id":"https:\/\/domainelevejean.com\/en\/winetourism\/","url":"https:\/\/domainelevejean.com\/en\/winetourism\/","name":"\u0152notourism, Reception hall & Parties - Domaine L\u00e9v\u00e9jean","isPartOf":{"@id":"https:\/\/domainelevejean.com\/en\/#website"},"datePublished":"2023-04-15T09:15:11+00:00","dateModified":"2025-05-15T15:33:40+00:00","breadcrumb":{"@id":"https:\/\/domainelevejean.com\/en\/winetourism\/#breadcrumb"},"inLanguage":"en-US","potentialAction":[{"@type":"ReadAction","target":["https:\/\/domainelevejean.com\/en\/winetourism\/"]}]},{"@type":"BreadcrumbList","@id":"https:\/\/domainelevejean.com\/en\/winetourism\/#breadcrumb","itemListElement":[{"@type":"ListItem","position":1,"name":"Accueil","item":"https:\/\/domainelevejean.com\/en\/"},{"@type":"ListItem","position":2,"name":"\u0152notourism"}]},{"@type":"WebSite","@id":"https:\/\/domainelevejean.com\/en\/#website","url":"https:\/\/domainelevejean.com\/en\/","name":"Domaine L\u00e9v\u00e9jean","description":"Oenotourisme - Vins de c\u00e9pages Pays d&#039;Oc - Vins de c\u00e9pages Coteaux de B\u00e9ziers - Certifi\u00e9 HVE","potentialAction":[{"@type":"SearchAction","target":{"@type":"EntryPoint","urlTemplate":"https:\/\/domainelevejean.com\/en\/?s={search_term_string}"},"query-input":{"@type":"PropertyValueSpecification","valueRequired":true,"valueName":"search_term_string"}}],"inLanguage":"en-US"}]}},"_links":{"self":[{"href":"https:\/\/domainelevejean.com\/en\/wp-json\/wp\/v2\/pages\/501","targetHints":{"allow":["GET"]}}],"collection":[{"href":"https:\/\/domainelevejean.com\/en\/wp-json\/wp\/v2\/pages"}],"about":[{"href":"https:\/\/domainelevejean.com\/en\/wp-json\/wp\/v2\/types\/page"}],"author":[{"embeddable":true,"href":"https:\/\/domainelevejean.com\/en\/wp-json\/wp\/v2\/users\/5"}],"replies":[{"embeddable":true,"href":"https:\/\/domainelevejean.com\/en\/wp-json\/wp\/v2\/comments?post=501"}],"version-history":[{"count":16,"href":"https:\/\/domainelevejean.com\/en\/wp-json\/wp\/v2\/pages\/501\/revisions"}],"predecessor-version":[{"id":1321,"href":"https:\/\/domainelevejean.com\/en\/wp-json\/wp\/v2\/pages\/501\/revisions\/1321"}],"wp:attachment":[{"href":"https:\/\/domainelevejean.com\/en\/wp-json\/wp\/v2\/media?parent=501"}],"curies":[{"name":"wp","href":"https:\/\/api.w.org\/{rel}","templated":true}]}}