{"id":483,"date":"2023-04-15T14:08:20","date_gmt":"2023-04-15T12:08:20","guid":{"rendered":"https:\/\/domainelevejean.com\/the-estate\/"},"modified":"2024-01-31T09:14:04","modified_gmt":"2024-01-31T08:14:04","slug":"the-estate","status":"publish","type":"page","link":"https:\/\/domainelevejean.com\/en\/the-estate\/","title":{"rendered":"The estate"},"content":{"rendered":"<p>[et_pb_section fb_built=&#8221;1&#8243; fullwidth=&#8221;on&#8221; _builder_version=&#8221;4.20.4&#8243; _module_preset=&#8221;default&#8221; global_colors_info=&#8221;{}&#8221;][et_pb_fullwidth_header title=&#8221;Discover the Estate&#8221; _builder_version=&#8221;4.20.4&#8243; _module_preset=&#8221;368d5dc9-801d-4793-979e-809116867981&#8243; background_image=&#8221;https:\/\/domainelevejean.com\/wp-content\/uploads\/2023\/04\/xt024058.jpg&#8221; global_colors_info=&#8221;{}&#8221;][\/et_pb_fullwidth_header][\/et_pb_section][et_pb_section fb_built=&#8221;1&#8243; disabled_on=&#8221;off|off|off&#8221; module_id=&#8221;terroirs&#8221; _builder_version=&#8221;4.21.0&#8243; _module_preset=&#8221;default&#8221; global_colors_info=&#8221;{}&#8221;][et_pb_row column_structure=&#8221;1_2,1_2&#8243; _builder_version=&#8221;4.20.4&#8243; _module_preset=&#8221;a7bafcd7-f260-4193-93a0-edfb06b23855&#8243; global_colors_info=&#8221;{}&#8221;][et_pb_column type=&#8221;1_2&#8243; _builder_version=&#8221;4.20.4&#8243; _module_preset=&#8221;_initial&#8221; global_colors_info=&#8221;{}&#8221;][et_pb_image src=&#8221;https:\/\/domainelevejean.com\/wp-content\/uploads\/2023\/05\/ambition-qualitative.jpg&#8221; alt=&#8221;The Domaine L\u00e9v\u00e9jean&#8217;s team&#8221; _builder_version=&#8221;4.21.0&#8243; _module_preset=&#8221;d0a419ce-72e3-4444-8bd8-df28a008afec&#8221; global_colors_info=&#8221;{}&#8221;][\/et_pb_image][\/et_pb_column][et_pb_column type=&#8221;1_2&#8243; _builder_version=&#8221;4.20.4&#8243; _module_preset=&#8221;379ae2ad-c786-4501-a5d5-6191e4f0f260&#8243; global_colors_info=&#8221;{}&#8221;][et_pb_cta title=&#8221;An ambition for quality&#8221; _builder_version=&#8221;4.24.0&#8243; _module_preset=&#8221;72a5cc2e-c1b4-4363-8194-48e1099c4035&#8243; body_ul_font_size=&#8221;16px&#8221; hover_enabled=&#8221;0&#8243; global_colors_info=&#8221;{}&#8221; sticky_enabled=&#8221;0&#8243;]<\/p>\n<p>The estate has grown year after year, so as not to leave uncultivated land fallow, to reach a certain size with the associated quality facilities. Today, we have no desire to go further, but to go higher with these 160ha.<\/p>\n<p>[\/et_pb_cta][\/et_pb_column][\/et_pb_row][\/et_pb_section][et_pb_section fb_built=&#8221;1&#8243; disabled_on=&#8221;off|off|off&#8221; module_id=&#8221;terroirs&#8221; _builder_version=&#8221;4.20.4&#8243; _module_preset=&#8221;default&#8221; background_color=&#8221;rgba(90,31,44,0.05)&#8221; global_colors_info=&#8221;{}&#8221;][et_pb_row _builder_version=&#8221;4.21.0&#8243; _module_preset=&#8221;default&#8221; custom_padding=&#8221;||0px||false|false&#8221; global_colors_info=&#8221;{}&#8221;][et_pb_column type=&#8221;4_4&#8243; _builder_version=&#8221;4.21.0&#8243; _module_preset=&#8221;default&#8221; global_colors_info=&#8221;{}&#8221;][et_pb_cta title=&#8221;Our 3 terroirs&#8221; _builder_version=&#8221;4.21.0&#8243; _module_preset=&#8221;72a5cc2e-c1b4-4363-8194-48e1099c4035&#8243; body_ul_font_size=&#8221;16px&#8221; width=&#8221;100%&#8221; global_colors_info=&#8221;{}&#8221;]<\/p>\n<p>Three large areas make up the estate around the river Orb, within a perimeter of only two kilometres.<span style=\"font-size: 18px;\"> <\/span><\/p>\n<p>[\/et_pb_cta][\/et_pb_column][\/et_pb_row][et_pb_row column_structure=&#8221;1_3,1_3,1_3&#8243; use_custom_gutter=&#8221;on&#8221; gutter_width=&#8221;2&#8243; make_equal=&#8221;on&#8221; _builder_version=&#8221;4.21.0&#8243; _module_preset=&#8221;default&#8221; global_colors_info=&#8221;{}&#8221;][et_pb_column type=&#8221;1_3&#8243; _builder_version=&#8221;4.21.0&#8243; _module_preset=&#8221;default&#8221; background_color=&#8221;#FFFFFF&#8221; custom_css_main_element=&#8221;max-width: 550px;&#8221; global_colors_info=&#8221;{}&#8221;][et_pb_blurb title=&#8221;The former bed of the Orb river made of rolled pebbles for the richness&#8221; image=&#8221;https:\/\/domainelevejean.com\/wp-content\/uploads\/2023\/05\/cailloux-roules.jpg&#8221; alt=&#8221;Old bed of the Orb river&#8221; _builder_version=&#8221;4.21.0&#8243; _module_preset=&#8221;039fadb3-963e-4eda-aa73-1964d8bd118c&#8221; global_colors_info=&#8221;{}&#8221;][\/et_pb_blurb][\/et_pb_column][et_pb_column type=&#8221;1_3&#8243; _builder_version=&#8221;4.21.0&#8243; _module_preset=&#8221;default&#8221; background_color=&#8221;#FFFFFF&#8221; custom_css_main_element=&#8221;max-width: 550px;&#8221; global_colors_info=&#8221;{}&#8221;][et_pb_blurb title=&#8221;The ancient banks of the Orb river with clay and silt for freshness&#8221; image=&#8221;https:\/\/domainelevejean.com\/wp-content\/uploads\/2023\/05\/ancienne-rive-1.jpg&#8221; alt=&#8221;The ancient banks of the Orb river&#8221; _builder_version=&#8221;4.21.0&#8243; _module_preset=&#8221;039fadb3-963e-4eda-aa73-1964d8bd118c&#8221; global_colors_info=&#8221;{}&#8221;][\/et_pb_blurb][\/et_pb_column][et_pb_column type=&#8221;1_3&#8243; _builder_version=&#8221;4.21.0&#8243; _module_preset=&#8221;default&#8221; background_color=&#8221;#FFFFFF&#8221; custom_css_main_element=&#8221;max-width: 550px;&#8221; global_colors_info=&#8221;{}&#8221;][et_pb_blurb title=&#8221;The clay-limestone terraces on the heights of Th\u00e9zan-l\u00e8s-B\u00e9ziers for the maturity&#8221; image=&#8221;https:\/\/domainelevejean.com\/wp-content\/uploads\/2023\/05\/terrasses-2.jpg&#8221; alt=&#8221;Terraces on the heights of Th\u00e9zan-l\u00e8s-B\u00e9ziers&#8221; _builder_version=&#8221;4.21.0&#8243; _module_preset=&#8221;039fadb3-963e-4eda-aa73-1964d8bd118c&#8221; global_colors_info=&#8221;{}&#8221;][\/et_pb_blurb][\/et_pb_column][\/et_pb_row][\/et_pb_section][et_pb_section fb_built=&#8221;1&#8243; disabled_on=&#8221;off|off|off&#8221; _builder_version=&#8221;4.20.4&#8243; _module_preset=&#8221;default&#8221; locked=&#8221;off&#8221; global_colors_info=&#8221;{}&#8221;][et_pb_row column_structure=&#8221;1_2,1_2&#8243; _builder_version=&#8221;4.20.4&#8243; _module_preset=&#8221;a7bafcd7-f260-4193-93a0-edfb06b23855&#8243; global_colors_info=&#8221;{}&#8221;][et_pb_column type=&#8221;1_2&#8243; _builder_version=&#8221;4.20.4&#8243; _module_preset=&#8221;379ae2ad-c786-4501-a5d5-6191e4f0f260&#8243; global_colors_info=&#8221;{}&#8221;][et_pb_image src=&#8221;https:\/\/domainelevejean.com\/wp-content\/uploads\/2023\/05\/dynamique-durable.jpg&#8221; alt=&#8221;Sustainable dynamic&#8221; disabled_on=&#8221;off|off|on&#8221; _builder_version=&#8221;4.21.0&#8243; _module_preset=&#8221;d0a419ce-72e3-4444-8bd8-df28a008afec&#8221; global_colors_info=&#8221;{}&#8221;][\/et_pb_image][et_pb_cta title=&#8221;A sustainable dynamic&#8221; _builder_version=&#8221;4.21.0&#8243; _module_preset=&#8221;8ad843a8-fa3f-41de-aed3-3b02135d5f98&#8243; global_colors_info=&#8221;{}&#8221;]<\/p>\n<p>We have composed a dozen blocks on these three terroirs; we have structured them, leveled them, prepared them, planted or replanted them, protected them.<\/p>\n<p>Today we plough our soils; we plant grape varieties adapted to climate change, resistant to diseases; we &#8220;confuse&#8221; the whole vineyard (alternative organic process to limit the presence of pests). And above all, we are curious and ready to listen to do even better tomorrow.<\/p>\n<p>[\/et_pb_cta][\/et_pb_column][et_pb_column type=&#8221;1_2&#8243; _builder_version=&#8221;4.20.4&#8243; _module_preset=&#8221;default&#8221; global_colors_info=&#8221;{}&#8221;][et_pb_image src=&#8221;https:\/\/domainelevejean.com\/wp-content\/uploads\/2023\/05\/dynamique-durable.jpg&#8221; alt=&#8221;Sustainable dynamic&#8221; align=&#8221;left&#8221; disabled_on=&#8221;on|on|off&#8221; _builder_version=&#8221;4.21.0&#8243; _module_preset=&#8221;d0a419ce-72e3-4444-8bd8-df28a008afec&#8221; module_alignment=&#8221;left&#8221; global_colors_info=&#8221;{}&#8221;][\/et_pb_image][\/et_pb_column][\/et_pb_row][\/et_pb_section][et_pb_section fb_built=&#8221;1&#8243; module_id=&#8221;team&#8221; _builder_version=&#8221;4.20.4&#8243; _module_preset=&#8221;default&#8221; background_color=&#8221;rgba(90,31,44,0.05)&#8221; global_colors_info=&#8221;{}&#8221;][et_pb_row _builder_version=&#8221;4.20.4&#8243; _module_preset=&#8221;default&#8221; global_colors_info=&#8221;{}&#8221;][et_pb_column type=&#8221;4_4&#8243; _builder_version=&#8221;4.20.4&#8243; _module_preset=&#8221;default&#8221; global_colors_info=&#8221;{}&#8221;][et_pb_cta title=&#8221;A team approach&#8221; _builder_version=&#8221;4.20.4&#8243; _module_preset=&#8221;72a5cc2e-c1b4-4363-8194-48e1099c4035&#8243; body_font=&#8221;||on||||||&#8221; width=&#8221;100%&#8221; max_width=&#8221;800px&#8221; module_alignment=&#8221;center&#8221; custom_margin=&#8221;||10px||false|false&#8221; custom_padding=&#8221;||10px||false|false&#8221; global_colors_info=&#8221;{}&#8221;]<\/p>\n<p>\u00ab The most important thing in a domain is the men and women who make the quality of each grain. And here we are proud of our grapes and our team.<\/p>\n<p>[\/et_pb_cta][et_pb_image src=&#8221;https:\/\/domainelevejean.com\/wp-content\/uploads\/2023\/06\/lps02615-2-scaled.jpg&#8221; alt=&#8221;Domaine L\u00e9v\u00e9jean Team&#8221; title_text=&#8221;LPS02615-2&#8243; _builder_version=&#8221;4.21.0&#8243; _module_preset=&#8221;default&#8221; global_colors_info=&#8221;{}&#8221;][\/et_pb_image][et_pb_cta _builder_version=&#8221;4.20.4&#8243; _module_preset=&#8221;72a5cc2e-c1b4-4363-8194-48e1099c4035&#8243; body_font=&#8221;||on||||||&#8221; width=&#8221;100%&#8221; max_width=&#8221;800px&#8221; module_alignment=&#8221;center&#8221; custom_margin=&#8221;||10px||false|false&#8221; custom_padding=&#8221;||10px||false|false&#8221; global_colors_info=&#8221;{}&#8221;]<\/p>\n<p>The first concern is obviously for the vine. If you saw this organisation at the workshop in the morning! At 5.30 am, it lights up. It&#8217;s my father. At the age of 75, he goes to sharpen the pruning shears. He has always loved tools and machinery. Nothing will make him change his ways, not even age!<\/p>\n<p>Before 8am, the &#8220;organised&#8221; arrive: Agustin, Cindy&#8230; they prepare the material, take out the machines. At 8am it&#8217;s the briefing, the workshop is a hive of activity, everyone knows exactly what they have to do, the 12 are divided into teams, 3 in maintenance, welding and mechanics, 2 in ploughing the floors, 7 in wood cutting &#8211; I&#8217;m one of them. Each of them will cover 300 km in the vineyard each year, what a health!<\/p>\n<p>1000 m2 in which the 13 imposing tractors and 42 pickaxes are neatly arranged. At noon, a noisy and warm return to the kitchen, before redeploying as a single swarm. End of the day, everyone cleans, replaces and reloads their equipment, informs and asks questions. Without hierarchy and with benevolence. And I&#8217;m calmly preparing for tomorrow.<\/p>\n<p>In the cellar, the office and the winery, the mood is the same. An active and benevolent hive. \u00bb<\/p>\n<p>[\/et_pb_cta][et_pb_text _builder_version=&#8221;4.20.4&#8243; _module_preset=&#8221;fc990ea6-f80b-48e8-9cdc-dc588a39e50e&#8221; text_font=&#8221;Kalam||||||||&#8221; text_font_size=&#8221;25px&#8221; text_orientation=&#8221;right&#8221; width=&#8221;800px&#8221; max_width=&#8221;100%&#8221; module_alignment=&#8221;center&#8221; global_colors_info=&#8221;{}&#8221;]<\/p>\n<p>Alban<\/p>\n<p>[\/et_pb_text][\/et_pb_column][\/et_pb_row][\/et_pb_section][et_pb_section fb_built=&#8221;1&#8243; disabled_on=&#8221;off|off|off&#8221; module_id=&#8221;csr&#8221; _builder_version=&#8221;4.23.1&#8243; _module_preset=&#8221;default&#8221; global_colors_info=&#8221;{}&#8221;][et_pb_row _builder_version=&#8221;4.23&#8243; _module_preset=&#8221;default&#8221; global_colors_info=&#8221;{}&#8221;][et_pb_column type=&#8221;4_4&#8243; _builder_version=&#8221;4.23&#8243; _module_preset=&#8221;default&#8221; global_colors_info=&#8221;{}&#8221;][et_pb_cta title=&#8221;Our CSR approach&#8221; _builder_version=&#8221;4.23&#8243; _module_preset=&#8221;72a5cc2e-c1b4-4363-8194-48e1099c4035&#8243; body_ul_font_size=&#8221;16px&#8221; width=&#8221;100%&#8221; global_colors_info=&#8221;{}&#8221;]<\/p>\n<p>Because of modesty, some people prefer not to communicate about ethical approach. At L\u00e9v\u00e9jean we think our new employees, partners are entitled to know the way the operate internally. It\u2019s all about trust and kindness story in both parts.It\u2019s a way to strengthen ties. Here are some of Levejean\u2019s commitments for a lasting and peaceful life.<\/p>\n<p>[\/et_pb_cta][\/et_pb_column][\/et_pb_row][et_pb_row column_structure=&#8221;3_5,2_5&#8243; use_custom_gutter=&#8221;on&#8221; gutter_width=&#8221;2&#8243; make_equal=&#8221;on&#8221; _builder_version=&#8221;4.23&#8243; _module_preset=&#8221;default&#8221; custom_margin=&#8221;||||false|false&#8221; custom_padding=&#8221;||||false|false&#8221; global_colors_info=&#8221;{}&#8221;][et_pb_column type=&#8221;3_5&#8243; _builder_version=&#8221;4.23&#8243; _module_preset=&#8221;default&#8221; custom_padding=&#8221;||||false|false&#8221; global_colors_info=&#8221;{}&#8221;][et_pb_blurb title=&#8221;Economic &#038; local viewpoint&#8221; use_icon=&#8221;on&#8221; font_icon=&#8221;&#xf3c5;||fa||900&#8243; _builder_version=&#8221;4.23.1&#8243; _module_preset=&#8221;379e516e-60d1-439b-b5c6-8dd9d299aa7c&#8221; global_colors_info=&#8221;{}&#8221;]<\/p>\n<ul>\n<li>&#8211; A priviliged work with local partners<\/li>\n<li>Local partnerships such as territorial community, tourism&#8230;<\/li>\n<li>Community life: environmentally friendly, of collective organic pratices, mutual assitance (during the summer season)<\/li>\n<li>Free discovery workshops: visit of our cellar, wine tasting, after-work. Welcoming families with child<\/li>\n<li>A shop opens all year<\/li>\n<li>&#8211; Musical and gastronomic events at Levejean<\/li>\n<\/ul>\n<p>[\/et_pb_blurb][et_pb_blurb title=&#8221;Environmental viewpoint&#8221; use_icon=&#8221;on&#8221; font_icon=&#8221;&#xf18c;||fa||400&#8243; _builder_version=&#8221;4.23&#8243; _module_preset=&#8221;379e516e-60d1-439b-b5c6-8dd9d299aa7c&#8221; global_colors_info=&#8221;{}&#8221;]<\/p>\n<ul>\n<li>Certified HVE since 2014: reasoned agriculture.<\/li>\n<li>Electricity self-sufficient: setting up of photovoltaic panels.<\/li>\n<li>Aged in a stainless-steel barrel, long-lasting and water-saving.<\/li>\n<li>Building a semi-underground cellar, energy savings.<\/li>\n<\/ul>\n<p>[\/et_pb_blurb][\/et_pb_column][et_pb_column type=&#8221;2_5&#8243; _builder_version=&#8221;4.23&#8243; _module_preset=&#8221;default&#8221; custom_padding=&#8221;||||false|false&#8221; custom_css_free_form=&#8221;selector {||  display: flex;||}&#8221; global_colors_info=&#8221;{}&#8221;][et_pb_blurb title=&#8221;Social viewpoint&#8221; use_icon=&#8221;on&#8221; font_icon=&#8221;&#xf4ad;||fa||900&#8243; _builder_version=&#8221;4.23.1&#8243; _module_preset=&#8221;379e516e-60d1-439b-b5c6-8dd9d299aa7c&#8221; global_colors_info=&#8221;{}&#8221;]<\/p>\n<ul>\n<li>\u00ab Welcome Booklet \u00bb for each new employee<\/li>\n<li>Monthly information meeting with all employees<\/li>\n<li>Steadily individual interviews<\/li>\n<li>Hardship at work recognition<\/li>\n<li>Team lunch<\/li>\n<li>Assisting employees with housing.<\/li>\n<li>Job dating days without appointment.<\/li>\n<\/ul>\n<p>[\/et_pb_blurb][\/et_pb_column][\/et_pb_row][\/et_pb_section]<\/p>\n","protected":false},"excerpt":{"rendered":"<p>The estate has grown year after year, so as not to leave uncultivated land fallow, to reach a certain size with the associated quality facilities. Today, we have no desire to go further, but to go higher with these 160ha.Three large areas make up the estate around the river Orb, within a perimeter of only [&hellip;]<\/p>\n","protected":false},"author":5,"featured_media":0,"parent":0,"menu_order":0,"comment_status":"closed","ping_status":"closed","template":"","meta":{"_et_pb_use_builder":"on","_et_pb_old_content":"","_et_gb_content_width":"","inline_featured_image":false,"footnotes":""},"class_list":["post-483","page","type-page","status-publish","hentry"],"yoast_head":"<!-- This site is optimized with the Yoast SEO plugin v27.1.1 - https:\/\/yoast.com\/product\/yoast-seo-wordpress\/ -->\n<title>Our 3 terroirs &amp; our team - Domaine L\u00e9v\u00e9jean<\/title>\n<meta name=\"robots\" content=\"index, follow, max-snippet:-1, max-image-preview:large, max-video-preview:-1\" \/>\n<link rel=\"canonical\" href=\"https:\/\/domainelevejean.com\/en\/the-estate\/\" \/>\n<meta property=\"og:locale\" content=\"en_US\" \/>\n<meta property=\"og:type\" content=\"article\" \/>\n<meta property=\"og:title\" content=\"Our 3 terroirs &amp; our team - Domaine L\u00e9v\u00e9jean\" \/>\n<meta property=\"og:description\" content=\"The estate has grown year after year, so as not to leave uncultivated land fallow, to reach a certain size with the associated quality facilities. Today, we have no desire to go further, but to go higher with these 160ha.Three large areas make up the estate around the river Orb, within a perimeter of only [&hellip;]\" \/>\n<meta property=\"og:url\" content=\"https:\/\/domainelevejean.com\/en\/the-estate\/\" \/>\n<meta property=\"og:site_name\" content=\"Domaine L\u00e9v\u00e9jean\" \/>\n<meta property=\"article:publisher\" content=\"https:\/\/www.facebook.com\/domainelevejean\/\" \/>\n<meta property=\"article:modified_time\" content=\"2024-01-31T08:14:04+00:00\" \/>\n<meta name=\"twitter:card\" content=\"summary_large_image\" \/>\n<meta name=\"twitter:label1\" content=\"Est. reading time\" \/>\n\t<meta name=\"twitter:data1\" content=\"9 minutes\" \/>\n<script type=\"application\/ld+json\" class=\"yoast-schema-graph\">{\"@context\":\"https:\/\/schema.org\",\"@graph\":[{\"@type\":\"WebPage\",\"@id\":\"https:\/\/domainelevejean.com\/en\/the-estate\/\",\"url\":\"https:\/\/domainelevejean.com\/en\/the-estate\/\",\"name\":\"Our 3 terroirs & our team - Domaine L\u00e9v\u00e9jean\",\"isPartOf\":{\"@id\":\"https:\/\/domainelevejean.com\/en\/#website\"},\"datePublished\":\"2023-04-15T12:08:20+00:00\",\"dateModified\":\"2024-01-31T08:14:04+00:00\",\"breadcrumb\":{\"@id\":\"https:\/\/domainelevejean.com\/en\/the-estate\/#breadcrumb\"},\"inLanguage\":\"en-US\",\"potentialAction\":[{\"@type\":\"ReadAction\",\"target\":[\"https:\/\/domainelevejean.com\/en\/the-estate\/\"]}]},{\"@type\":\"BreadcrumbList\",\"@id\":\"https:\/\/domainelevejean.com\/en\/the-estate\/#breadcrumb\",\"itemListElement\":[{\"@type\":\"ListItem\",\"position\":1,\"name\":\"Accueil\",\"item\":\"https:\/\/domainelevejean.com\/en\/\"},{\"@type\":\"ListItem\",\"position\":2,\"name\":\"The estate\"}]},{\"@type\":\"WebSite\",\"@id\":\"https:\/\/domainelevejean.com\/en\/#website\",\"url\":\"https:\/\/domainelevejean.com\/en\/\",\"name\":\"Domaine L\u00e9v\u00e9jean\",\"description\":\"Oenotourisme - Vins de c\u00e9pages Pays d&#039;Oc - Vins de c\u00e9pages Coteaux de B\u00e9ziers - Certifi\u00e9 HVE\",\"potentialAction\":[{\"@type\":\"SearchAction\",\"target\":{\"@type\":\"EntryPoint\",\"urlTemplate\":\"https:\/\/domainelevejean.com\/en\/?s={search_term_string}\"},\"query-input\":{\"@type\":\"PropertyValueSpecification\",\"valueRequired\":true,\"valueName\":\"search_term_string\"}}],\"inLanguage\":\"en-US\"}]}<\/script>\n<!-- \/ Yoast SEO plugin. -->","yoast_head_json":{"title":"Our 3 terroirs & our team - Domaine L\u00e9v\u00e9jean","robots":{"index":"index","follow":"follow","max-snippet":"max-snippet:-1","max-image-preview":"max-image-preview:large","max-video-preview":"max-video-preview:-1"},"canonical":"https:\/\/domainelevejean.com\/en\/the-estate\/","og_locale":"en_US","og_type":"article","og_title":"Our 3 terroirs & our team - Domaine L\u00e9v\u00e9jean","og_description":"The estate has grown year after year, so as not to leave uncultivated land fallow, to reach a certain size with the associated quality facilities. Today, we have no desire to go further, but to go higher with these 160ha.Three large areas make up the estate around the river Orb, within a perimeter of only [&hellip;]","og_url":"https:\/\/domainelevejean.com\/en\/the-estate\/","og_site_name":"Domaine L\u00e9v\u00e9jean","article_publisher":"https:\/\/www.facebook.com\/domainelevejean\/","article_modified_time":"2024-01-31T08:14:04+00:00","twitter_card":"summary_large_image","twitter_misc":{"Est. reading time":"9 minutes"},"schema":{"@context":"https:\/\/schema.org","@graph":[{"@type":"WebPage","@id":"https:\/\/domainelevejean.com\/en\/the-estate\/","url":"https:\/\/domainelevejean.com\/en\/the-estate\/","name":"Our 3 terroirs & our team - Domaine L\u00e9v\u00e9jean","isPartOf":{"@id":"https:\/\/domainelevejean.com\/en\/#website"},"datePublished":"2023-04-15T12:08:20+00:00","dateModified":"2024-01-31T08:14:04+00:00","breadcrumb":{"@id":"https:\/\/domainelevejean.com\/en\/the-estate\/#breadcrumb"},"inLanguage":"en-US","potentialAction":[{"@type":"ReadAction","target":["https:\/\/domainelevejean.com\/en\/the-estate\/"]}]},{"@type":"BreadcrumbList","@id":"https:\/\/domainelevejean.com\/en\/the-estate\/#breadcrumb","itemListElement":[{"@type":"ListItem","position":1,"name":"Accueil","item":"https:\/\/domainelevejean.com\/en\/"},{"@type":"ListItem","position":2,"name":"The estate"}]},{"@type":"WebSite","@id":"https:\/\/domainelevejean.com\/en\/#website","url":"https:\/\/domainelevejean.com\/en\/","name":"Domaine L\u00e9v\u00e9jean","description":"Oenotourisme - Vins de c\u00e9pages Pays d&#039;Oc - Vins de c\u00e9pages Coteaux de B\u00e9ziers - Certifi\u00e9 HVE","potentialAction":[{"@type":"SearchAction","target":{"@type":"EntryPoint","urlTemplate":"https:\/\/domainelevejean.com\/en\/?s={search_term_string}"},"query-input":{"@type":"PropertyValueSpecification","valueRequired":true,"valueName":"search_term_string"}}],"inLanguage":"en-US"}]}},"_links":{"self":[{"href":"https:\/\/domainelevejean.com\/en\/wp-json\/wp\/v2\/pages\/483","targetHints":{"allow":["GET"]}}],"collection":[{"href":"https:\/\/domainelevejean.com\/en\/wp-json\/wp\/v2\/pages"}],"about":[{"href":"https:\/\/domainelevejean.com\/en\/wp-json\/wp\/v2\/types\/page"}],"author":[{"embeddable":true,"href":"https:\/\/domainelevejean.com\/en\/wp-json\/wp\/v2\/users\/5"}],"replies":[{"embeddable":true,"href":"https:\/\/domainelevejean.com\/en\/wp-json\/wp\/v2\/comments?post=483"}],"version-history":[{"count":25,"href":"https:\/\/domainelevejean.com\/en\/wp-json\/wp\/v2\/pages\/483\/revisions"}],"predecessor-version":[{"id":1083,"href":"https:\/\/domainelevejean.com\/en\/wp-json\/wp\/v2\/pages\/483\/revisions\/1083"}],"wp:attachment":[{"href":"https:\/\/domainelevejean.com\/en\/wp-json\/wp\/v2\/media?parent=483"}],"curies":[{"name":"wp","href":"https:\/\/api.w.org\/{rel}","templated":true}]}}