{"id":475,"date":"2023-04-15T13:05:10","date_gmt":"2023-04-15T11:05:10","guid":{"rendered":"https:\/\/domainelevejean.com\/contact\/"},"modified":"2025-12-20T09:35:15","modified_gmt":"2025-12-20T08:35:15","slug":"contact","status":"publish","type":"page","link":"https:\/\/domainelevejean.com\/en\/contact\/","title":{"rendered":"Contact"},"content":{"rendered":"<p>[et_pb_section fb_built=&#8221;1&#8243; fullwidth=&#8221;on&#8221; _builder_version=&#8221;4.20.4&#8243; _module_preset=&#8221;default&#8221; locked=&#8221;off&#8221; global_colors_info=&#8221;{}&#8221;][et_pb_fullwidth_header title=&#8221;Contact the Domain&#8221; text_orientation=&#8221;center&#8221; _builder_version=&#8221;4.20.4&#8243; _module_preset=&#8221;default&#8221; title_text_color=&#8221;#FFFFFF&#8221; title_font_size=&#8221;50px&#8221; background_color=&#8221;#5A1F2C&#8221; background_image=&#8221;https:\/\/domainelevejean.com\/wp-content\/uploads\/2023\/04\/contact-domaine-levejean.jpg&#8221; background_position=&#8221;bottom_center&#8221; background_blend=&#8221;soft-light&#8221; title_font_size_tablet=&#8221;50px&#8221; title_font_size_phone=&#8221;50px&#8221; title_font_size_last_edited=&#8221;on|desktop&#8221; global_colors_info=&#8221;{}&#8221;][\/et_pb_fullwidth_header][\/et_pb_section][et_pb_section fb_built=&#8221;1&#8243; _builder_version=&#8221;4.20.4&#8243; _module_preset=&#8221;default&#8221; global_colors_info=&#8221;{}&#8221;][et_pb_row column_structure=&#8221;1_2,1_2&#8243; _builder_version=&#8221;4.20.4&#8243; _module_preset=&#8221;default&#8221; global_colors_info=&#8221;{}&#8221;][et_pb_column type=&#8221;1_2&#8243; _builder_version=&#8221;4.20.4&#8243; _module_preset=&#8221;default&#8221; global_colors_info=&#8221;{}&#8221;][et_pb_text _builder_version=&#8221;4.20.4&#8243; _module_preset=&#8221;default&#8221; link_text_color=&#8221;#5A1F2C&#8221; global_colors_info=&#8221;{}&#8221;]<\/p>\n<h2>The cellar<\/h2>\n<address><a href=\"https:\/\/www.google.com\/maps\/place\/Domaine+L%C3%A9v%C3%A9jean\/@43.419308,3.1590129,15z\/data=!4m6!3m5!1s0x12b19f4c48ab552b:0x8244c903d74e1a5f!8m2!3d43.419308!4d3.1590129!16s%2Fg%2F11h76ks_n7\" target=\"_blank\" rel=\"noopener\">Domaine L\u00e9v\u00e9jean<\/a><br \/><a href=\"https:\/\/www.google.com\/maps\/place\/Domaine+L%C3%A9v%C3%A9jean\/@43.419308,3.1590129,15z\/data=!4m6!3m5!1s0x12b19f4c48ab552b:0x8244c903d74e1a5f!8m2!3d43.419308!4d3.1590129!16s%2Fg%2F11h76ks_n7\" target=\"_blank\" rel=\"noopener\">Chemin de la plaine<\/a><br \/><a href=\"https:\/\/www.google.com\/maps\/place\/Domaine+L%C3%A9v%C3%A9jean\/@43.419308,3.1590129,15z\/data=!4m6!3m5!1s0x12b19f4c48ab552b:0x8244c903d74e1a5f!8m2!3d43.419308!4d3.1590129!16s%2Fg%2F11h76ks_n7\" target=\"_blank\" rel=\"noopener\">34490 Th\u00e9zan-l\u00e8s-B\u00e9ziers<\/a><\/address>\n<p>[\/et_pb_text][et_pb_text _builder_version=&#8221;4.20.4&#8243; _module_preset=&#8221;default&#8221; text_font_size=&#8221;16px&#8221; global_colors_info=&#8221;{}&#8221;]<\/p>\n<p><strong>Groups welcome, by reservation only.<\/strong><\/p>\n<p>[\/et_pb_text][et_pb_blurb image_icon_width=&#8221;25px&#8221; _builder_version=&#8221;4.20.4&#8243; _module_preset=&#8221;default&#8221; body_font_size=&#8221;16px&#8221; global_colors_info=&#8221;{}&#8221;]<\/p>\n<p><a href=\"tel:+33499478611\">+33 (0) 4 99 47 86 11<\/a><\/p>\n<p>[\/et_pb_blurb][et_pb_text _builder_version=&#8221;4.20.4&#8243; _module_preset=&#8221;default&#8221; text_font_size=&#8221;16px&#8221; global_colors_info=&#8221;{}&#8221;]<\/p>\n<h3>Opening hours<\/h3>\n<p><strong>From January 1st to April 30th<\/strong><br \/>Monday to Friday from 10:00 am to 12:00 pm<br \/>and from 3:00 pm to 6:00 pm<\/p>\n<p><strong>From May 1st to September 30th<\/strong><br \/>Tuesday to Saturday from 10:00 am to 12:00 pm<br \/>and from 3:00 pm to 7:00 pm<\/p>\n<p><strong>From October 1st to December 31th<\/strong><br \/>Tuesday to Saturday from 10:00 am to 12:00 pm<br \/>and from 3:00 pm to 6:00 pm<\/p>\n<p><strong>Closed on all public holidays and every Saturday on November<\/strong><\/p>\n<p>[\/et_pb_text][\/et_pb_column][et_pb_column type=&#8221;1_2&#8243; _builder_version=&#8221;4.20.4&#8243; _module_preset=&#8221;default&#8221; global_colors_info=&#8221;{}&#8221;][et_pb_text _builder_version=&#8221;4.20.4&#8243; _module_preset=&#8221;_initial&#8221; custom_margin=&#8221;||5px||false|false&#8221; global_colors_info=&#8221;{}&#8221;]<\/p>\n<h2>Contact us<\/h2>\n<p>[\/et_pb_text][et_pb_contact_form email=&#8221;contact@domainelevejean.com&#8221; custom_message=&#8221;%%Name%%||et_pb_line_break_holder||%%Email%% %%Phone%%||et_pb_line_break_holder||||et_pb_line_break_holder||%%Object%%||et_pb_line_break_holder||||et_pb_line_break_holder||%%Message%%&#8221; _builder_version=&#8221;4.27.0&#8243; _module_preset=&#8221;default&#8221; _unique_id=&#8221;ee76027b-7b3c-4eb3-9c2d-fce59e09121e&#8221; form_field_background_color=&#8221;#FFFFFF&#8221; form_field_text_color=&#8221;#5A1F2C&#8221; form_field_focus_background_color=&#8221;rgba(90,31,44,0.05)&#8221; border_radii=&#8221;on|2px|2px|2px|2px&#8221; border_width_all=&#8221;1px&#8221; border_color_all=&#8221;#5A1F2C&#8221; global_colors_info=&#8221;{}&#8221;][et_pb_contact_field field_id=&#8221;Name&#8221; field_title=&#8221;Name&#8221; fullwidth_field=&#8221;on&#8221; _builder_version=&#8221;4.20.4&#8243; global_colors_info=&#8221;{}&#8221; button_text_size__hover_enabled=&#8221;off&#8221; button_one_text_size__hover_enabled=&#8221;off&#8221; button_two_text_size__hover_enabled=&#8221;off&#8221; button_text_color__hover_enabled=&#8221;off&#8221; button_one_text_color__hover_enabled=&#8221;off&#8221; button_two_text_color__hover_enabled=&#8221;off&#8221; button_border_width__hover_enabled=&#8221;off&#8221; button_one_border_width__hover_enabled=&#8221;off&#8221; button_two_border_width__hover_enabled=&#8221;off&#8221; button_border_color__hover_enabled=&#8221;off&#8221; button_one_border_color__hover_enabled=&#8221;off&#8221; button_two_border_color__hover_enabled=&#8221;off&#8221; button_border_radius__hover_enabled=&#8221;off&#8221; button_one_border_radius__hover_enabled=&#8221;off&#8221; button_two_border_radius__hover_enabled=&#8221;off&#8221; button_letter_spacing__hover_enabled=&#8221;off&#8221; button_one_letter_spacing__hover_enabled=&#8221;off&#8221; button_two_letter_spacing__hover_enabled=&#8221;off&#8221; button_bg_color__hover_enabled=&#8221;off&#8221; button_one_bg_color__hover_enabled=&#8221;off&#8221; button_two_bg_color__hover_enabled=&#8221;off&#8221;][\/et_pb_contact_field][et_pb_contact_field field_id=&#8221;Email&#8221; field_title=&#8221;Email address&#8221; field_type=&#8221;email&#8221; _builder_version=&#8221;4.16&#8243; global_colors_info=&#8221;{}&#8221; button_text_size__hover_enabled=&#8221;off&#8221; button_one_text_size__hover_enabled=&#8221;off&#8221; button_two_text_size__hover_enabled=&#8221;off&#8221; button_text_color__hover_enabled=&#8221;off&#8221; button_one_text_color__hover_enabled=&#8221;off&#8221; button_two_text_color__hover_enabled=&#8221;off&#8221; button_border_width__hover_enabled=&#8221;off&#8221; button_one_border_width__hover_enabled=&#8221;off&#8221; button_two_border_width__hover_enabled=&#8221;off&#8221; button_border_color__hover_enabled=&#8221;off&#8221; button_one_border_color__hover_enabled=&#8221;off&#8221; button_two_border_color__hover_enabled=&#8221;off&#8221; button_border_radius__hover_enabled=&#8221;off&#8221; button_one_border_radius__hover_enabled=&#8221;off&#8221; button_two_border_radius__hover_enabled=&#8221;off&#8221; button_letter_spacing__hover_enabled=&#8221;off&#8221; button_one_letter_spacing__hover_enabled=&#8221;off&#8221; button_two_letter_spacing__hover_enabled=&#8221;off&#8221; button_bg_color__hover_enabled=&#8221;off&#8221; button_one_bg_color__hover_enabled=&#8221;off&#8221; button_two_bg_color__hover_enabled=&#8221;off&#8221;][\/et_pb_contact_field][et_pb_contact_field field_id=&#8221;Phone&#8221; field_title=&#8221;Phone&#8221; required_mark=&#8221;off&#8221; _builder_version=&#8221;4.20.4&#8243; global_colors_info=&#8221;{}&#8221; button_text_size__hover_enabled=&#8221;off&#8221; button_one_text_size__hover_enabled=&#8221;off&#8221; button_two_text_size__hover_enabled=&#8221;off&#8221; button_text_color__hover_enabled=&#8221;off&#8221; button_one_text_color__hover_enabled=&#8221;off&#8221; button_two_text_color__hover_enabled=&#8221;off&#8221; button_border_width__hover_enabled=&#8221;off&#8221; button_one_border_width__hover_enabled=&#8221;off&#8221; button_two_border_width__hover_enabled=&#8221;off&#8221; button_border_color__hover_enabled=&#8221;off&#8221; button_one_border_color__hover_enabled=&#8221;off&#8221; button_two_border_color__hover_enabled=&#8221;off&#8221; button_border_radius__hover_enabled=&#8221;off&#8221; button_one_border_radius__hover_enabled=&#8221;off&#8221; button_two_border_radius__hover_enabled=&#8221;off&#8221; button_letter_spacing__hover_enabled=&#8221;off&#8221; button_one_letter_spacing__hover_enabled=&#8221;off&#8221; button_two_letter_spacing__hover_enabled=&#8221;off&#8221; button_bg_color__hover_enabled=&#8221;off&#8221; button_one_bg_color__hover_enabled=&#8221;off&#8221; button_two_bg_color__hover_enabled=&#8221;off&#8221;][\/et_pb_contact_field][et_pb_contact_field field_id=&#8221;Object&#8221; field_title=&#8221;Subject&#8221; field_type=&#8221;select&#8221; select_options=&#8221;%91{%22value%22:%22I am interested in the reception room%22,%22checked%22:0,%22dragID%22:-1},{%22value%22:%22I wish to book my summer tasting%22,%22checked%22:0,%22dragID%22:0},{%22value%22:%22I am a professionnal%22,%22checked%22:0,%22dragID%22:1},{%22value%22:%22Other%22,%22checked%22:0,%22dragID%22:2}%93&#8243; fullwidth_field=&#8221;on&#8221; _builder_version=&#8221;4.20.4&#8243; _module_preset=&#8221;default&#8221; global_colors_info=&#8221;{}&#8221;][\/et_pb_contact_field][et_pb_contact_field field_id=&#8221;Message&#8221; field_title=&#8221;Message&#8221; field_type=&#8221;text&#8221; fullwidth_field=&#8221;on&#8221; _builder_version=&#8221;4.16&#8243; global_colors_info=&#8221;{}&#8221; button_text_size__hover_enabled=&#8221;off&#8221; button_one_text_size__hover_enabled=&#8221;off&#8221; button_two_text_size__hover_enabled=&#8221;off&#8221; button_text_color__hover_enabled=&#8221;off&#8221; button_one_text_color__hover_enabled=&#8221;off&#8221; button_two_text_color__hover_enabled=&#8221;off&#8221; button_border_width__hover_enabled=&#8221;off&#8221; button_one_border_width__hover_enabled=&#8221;off&#8221; button_two_border_width__hover_enabled=&#8221;off&#8221; button_border_color__hover_enabled=&#8221;off&#8221; button_one_border_color__hover_enabled=&#8221;off&#8221; button_two_border_color__hover_enabled=&#8221;off&#8221; button_border_radius__hover_enabled=&#8221;off&#8221; button_one_border_radius__hover_enabled=&#8221;off&#8221; button_two_border_radius__hover_enabled=&#8221;off&#8221; button_letter_spacing__hover_enabled=&#8221;off&#8221; button_one_letter_spacing__hover_enabled=&#8221;off&#8221; button_two_letter_spacing__hover_enabled=&#8221;off&#8221; button_bg_color__hover_enabled=&#8221;off&#8221; button_one_bg_color__hover_enabled=&#8221;off&#8221; button_two_bg_color__hover_enabled=&#8221;off&#8221;][\/et_pb_contact_field][\/et_pb_contact_form][\/et_pb_column][\/et_pb_row][et_pb_row _builder_version=&#8221;4.20.4&#8243; _module_preset=&#8221;default&#8221; global_colors_info=&#8221;{}&#8221;][et_pb_column type=&#8221;4_4&#8243; _builder_version=&#8221;4.20.4&#8243; _module_preset=&#8221;default&#8221; global_colors_info=&#8221;{}&#8221;][et_pb_image src=&#8221;https:\/\/domainelevejean.com\/wp-content\/uploads\/2023\/04\/acces-domaine-levejean-1.png&#8221; alt=&#8221;How to get to Domaine L\u00e9v\u00e9jean&#8221; align=&#8221;center&#8221; disabled_on=&#8221;on|on|on&#8221; _builder_version=&#8221;4.20.4&#8243; _module_preset=&#8221;default&#8221; background_color=&#8221;rgba(90,31,44,0.05)&#8221; max_width=&#8221;100%&#8221; custom_padding=&#8221;25px|20px|25px|20px|true|true&#8221; disabled=&#8221;on&#8221; global_colors_info=&#8221;{}&#8221;][\/et_pb_image][et_pb_image src=&#8221;https:\/\/domainelevejean.com\/wp-content\/uploads\/2023\/05\/caveau-domaine-levejean-16-9-1.jpg&#8221; alt=&#8221;Wine cellar at Th\u00e9zan-l\u00e8s-B\u00e9ziers&#8221; force_fullwidth=&#8221;on&#8221; _builder_version=&#8221;4.21.0&#8243; _module_preset=&#8221;default&#8221; global_colors_info=&#8221;{}&#8221;][\/et_pb_image][\/et_pb_column][\/et_pb_row][\/et_pb_section][et_pb_section fb_built=&#8221;1&#8243; _builder_version=&#8221;4.20.4&#8243; _module_preset=&#8221;default&#8221; custom_padding=&#8221;0px||0px||true|false&#8221; global_colors_info=&#8221;{}&#8221;][et_pb_row _builder_version=&#8221;4.20.4&#8243; _module_preset=&#8221;default&#8221; background_color=&#8221;#5A1F2C&#8221; width=&#8221;100%&#8221; max_width=&#8221;100%&#8221; custom_padding=&#8221;0px||0px||true|false&#8221; global_colors_info=&#8221;{}&#8221;][et_pb_column type=&#8221;4_4&#8243; _builder_version=&#8221;4.20.4&#8243; _module_preset=&#8221;default&#8221; global_colors_info=&#8221;{}&#8221;][et_pb_map address=&#8221;34490 Th\u00e9zan-l\u00e8s-B\u00e9ziers, France&#8221; zoom_level=&#8221;16&#8243; address_lat=&#8221;43.419561973184&#8243; address_lng=&#8221;3.1589492649058&#8243; mouse_wheel=&#8221;off&#8221; mobile_dragging=&#8221;off&#8221; _builder_version=&#8221;4.20.4&#8243; _module_preset=&#8221;default&#8221; background_color=&#8221;#5A1F2C&#8221; global_colors_info=&#8221;{}&#8221;][\/et_pb_map][\/et_pb_column][\/et_pb_row][\/et_pb_section]<\/p>\n","protected":false},"excerpt":{"rendered":"<p>The cellar Domaine L\u00e9v\u00e9jeanChemin de la plaine34490 Th\u00e9zan-l\u00e8s-B\u00e9ziersGroups welcome, by reservation only.+33 (0) 4 99 47 86 11Opening hours From January 1st to April 30thMonday to Friday from 10:00 am to 12:00 pmand from 3:00 pm to 6:00 pm From May 1st to September 30thTuesday to Saturday from 10:00 am to 12:00 pmand from 3:00 [&hellip;]<\/p>\n","protected":false},"author":5,"featured_media":0,"parent":0,"menu_order":0,"comment_status":"closed","ping_status":"closed","template":"","meta":{"_et_pb_use_builder":"on","_et_pb_old_content":"","_et_gb_content_width":"","inline_featured_image":false,"footnotes":""},"class_list":["post-475","page","type-page","status-publish","hentry"],"yoast_head":"<!-- This site is optimized with the Yoast SEO plugin v27.1.1 - https:\/\/yoast.com\/product\/yoast-seo-wordpress\/ -->\n<title>Contact and booking - Domaine L\u00e9v\u00e9jean<\/title>\n<meta name=\"robots\" content=\"index, follow, max-snippet:-1, max-image-preview:large, max-video-preview:-1\" \/>\n<link rel=\"canonical\" href=\"https:\/\/domainelevejean.com\/en\/contact\/\" \/>\n<meta property=\"og:locale\" content=\"en_US\" \/>\n<meta property=\"og:type\" content=\"article\" \/>\n<meta property=\"og:title\" content=\"Contact and booking - Domaine L\u00e9v\u00e9jean\" \/>\n<meta property=\"og:description\" content=\"The cellar Domaine L\u00e9v\u00e9jeanChemin de la plaine34490 Th\u00e9zan-l\u00e8s-B\u00e9ziersGroups welcome, by reservation only.+33 (0) 4 99 47 86 11Opening hours From January 1st to April 30thMonday to Friday from 10:00 am to 12:00 pmand from 3:00 pm to 6:00 pm From May 1st to September 30thTuesday to Saturday from 10:00 am to 12:00 pmand from 3:00 [&hellip;]\" \/>\n<meta property=\"og:url\" content=\"https:\/\/domainelevejean.com\/en\/contact\/\" \/>\n<meta property=\"og:site_name\" content=\"Domaine L\u00e9v\u00e9jean\" \/>\n<meta property=\"article:publisher\" content=\"https:\/\/www.facebook.com\/domainelevejean\/\" \/>\n<meta property=\"article:modified_time\" content=\"2025-12-20T08:35:15+00:00\" \/>\n<meta name=\"twitter:card\" content=\"summary_large_image\" \/>\n<meta name=\"twitter:label1\" content=\"Est. reading time\" \/>\n\t<meta name=\"twitter:data1\" content=\"7 minutes\" \/>\n<script type=\"application\/ld+json\" class=\"yoast-schema-graph\">{\"@context\":\"https:\/\/schema.org\",\"@graph\":[{\"@type\":\"WebPage\",\"@id\":\"https:\/\/domainelevejean.com\/en\/contact\/\",\"url\":\"https:\/\/domainelevejean.com\/en\/contact\/\",\"name\":\"Contact and booking - Domaine L\u00e9v\u00e9jean\",\"isPartOf\":{\"@id\":\"https:\/\/domainelevejean.com\/en\/#website\"},\"datePublished\":\"2023-04-15T11:05:10+00:00\",\"dateModified\":\"2025-12-20T08:35:15+00:00\",\"breadcrumb\":{\"@id\":\"https:\/\/domainelevejean.com\/en\/contact\/#breadcrumb\"},\"inLanguage\":\"en-US\",\"potentialAction\":[{\"@type\":\"ReadAction\",\"target\":[\"https:\/\/domainelevejean.com\/en\/contact\/\"]}]},{\"@type\":\"BreadcrumbList\",\"@id\":\"https:\/\/domainelevejean.com\/en\/contact\/#breadcrumb\",\"itemListElement\":[{\"@type\":\"ListItem\",\"position\":1,\"name\":\"Accueil\",\"item\":\"https:\/\/domainelevejean.com\/en\/\"},{\"@type\":\"ListItem\",\"position\":2,\"name\":\"Contact\"}]},{\"@type\":\"WebSite\",\"@id\":\"https:\/\/domainelevejean.com\/en\/#website\",\"url\":\"https:\/\/domainelevejean.com\/en\/\",\"name\":\"Domaine L\u00e9v\u00e9jean\",\"description\":\"Oenotourisme - Vins de c\u00e9pages Pays d&#039;Oc - Vins de c\u00e9pages Coteaux de B\u00e9ziers - Certifi\u00e9 HVE\",\"potentialAction\":[{\"@type\":\"SearchAction\",\"target\":{\"@type\":\"EntryPoint\",\"urlTemplate\":\"https:\/\/domainelevejean.com\/en\/?s={search_term_string}\"},\"query-input\":{\"@type\":\"PropertyValueSpecification\",\"valueRequired\":true,\"valueName\":\"search_term_string\"}}],\"inLanguage\":\"en-US\"}]}<\/script>\n<!-- \/ Yoast SEO plugin. -->","yoast_head_json":{"title":"Contact and booking - Domaine L\u00e9v\u00e9jean","robots":{"index":"index","follow":"follow","max-snippet":"max-snippet:-1","max-image-preview":"max-image-preview:large","max-video-preview":"max-video-preview:-1"},"canonical":"https:\/\/domainelevejean.com\/en\/contact\/","og_locale":"en_US","og_type":"article","og_title":"Contact and booking - Domaine L\u00e9v\u00e9jean","og_description":"The cellar Domaine L\u00e9v\u00e9jeanChemin de la plaine34490 Th\u00e9zan-l\u00e8s-B\u00e9ziersGroups welcome, by reservation only.+33 (0) 4 99 47 86 11Opening hours From January 1st to April 30thMonday to Friday from 10:00 am to 12:00 pmand from 3:00 pm to 6:00 pm From May 1st to September 30thTuesday to Saturday from 10:00 am to 12:00 pmand from 3:00 [&hellip;]","og_url":"https:\/\/domainelevejean.com\/en\/contact\/","og_site_name":"Domaine L\u00e9v\u00e9jean","article_publisher":"https:\/\/www.facebook.com\/domainelevejean\/","article_modified_time":"2025-12-20T08:35:15+00:00","twitter_card":"summary_large_image","twitter_misc":{"Est. reading time":"7 minutes"},"schema":{"@context":"https:\/\/schema.org","@graph":[{"@type":"WebPage","@id":"https:\/\/domainelevejean.com\/en\/contact\/","url":"https:\/\/domainelevejean.com\/en\/contact\/","name":"Contact and booking - Domaine L\u00e9v\u00e9jean","isPartOf":{"@id":"https:\/\/domainelevejean.com\/en\/#website"},"datePublished":"2023-04-15T11:05:10+00:00","dateModified":"2025-12-20T08:35:15+00:00","breadcrumb":{"@id":"https:\/\/domainelevejean.com\/en\/contact\/#breadcrumb"},"inLanguage":"en-US","potentialAction":[{"@type":"ReadAction","target":["https:\/\/domainelevejean.com\/en\/contact\/"]}]},{"@type":"BreadcrumbList","@id":"https:\/\/domainelevejean.com\/en\/contact\/#breadcrumb","itemListElement":[{"@type":"ListItem","position":1,"name":"Accueil","item":"https:\/\/domainelevejean.com\/en\/"},{"@type":"ListItem","position":2,"name":"Contact"}]},{"@type":"WebSite","@id":"https:\/\/domainelevejean.com\/en\/#website","url":"https:\/\/domainelevejean.com\/en\/","name":"Domaine L\u00e9v\u00e9jean","description":"Oenotourisme - Vins de c\u00e9pages Pays d&#039;Oc - Vins de c\u00e9pages Coteaux de B\u00e9ziers - Certifi\u00e9 HVE","potentialAction":[{"@type":"SearchAction","target":{"@type":"EntryPoint","urlTemplate":"https:\/\/domainelevejean.com\/en\/?s={search_term_string}"},"query-input":{"@type":"PropertyValueSpecification","valueRequired":true,"valueName":"search_term_string"}}],"inLanguage":"en-US"}]}},"_links":{"self":[{"href":"https:\/\/domainelevejean.com\/en\/wp-json\/wp\/v2\/pages\/475","targetHints":{"allow":["GET"]}}],"collection":[{"href":"https:\/\/domainelevejean.com\/en\/wp-json\/wp\/v2\/pages"}],"about":[{"href":"https:\/\/domainelevejean.com\/en\/wp-json\/wp\/v2\/types\/page"}],"author":[{"embeddable":true,"href":"https:\/\/domainelevejean.com\/en\/wp-json\/wp\/v2\/users\/5"}],"replies":[{"embeddable":true,"href":"https:\/\/domainelevejean.com\/en\/wp-json\/wp\/v2\/comments?post=475"}],"version-history":[{"count":14,"href":"https:\/\/domainelevejean.com\/en\/wp-json\/wp\/v2\/pages\/475\/revisions"}],"predecessor-version":[{"id":1346,"href":"https:\/\/domainelevejean.com\/en\/wp-json\/wp\/v2\/pages\/475\/revisions\/1346"}],"wp:attachment":[{"href":"https:\/\/domainelevejean.com\/en\/wp-json\/wp\/v2\/media?parent=475"}],"curies":[{"name":"wp","href":"https:\/\/api.w.org\/{rel}","templated":true}]}}